{"id":1573,"date":"2023-11-10T14:37:27","date_gmt":"2023-11-10T05:37:27","guid":{"rendered":"https:\/\/www.fujisawa-ukiyoekan.net\/f\/?page_id=1573"},"modified":"2023-11-10T14:37:27","modified_gmt":"2023-11-10T05:37:27","slug":"collections-3-es","status":"publish","type":"page","link":"https:\/\/fujisawa-ukiyoekan.net\/f\/collections-3-es\/","title":{"rendered":"\u5c55\u793a\u5185\u5bb9\u7d39\u4ecb\u3000\u8526\u5c4b\u7248\u6771\u6d77\u9053\u3068\u8ffd\u5206\u9053\u306e\u6587\u5316(\u30b9\u30da\u30a4\u30f3\u8a9e)"},"content":{"rendered":"<section id=\"top\" class=\"bc-section\">\n<div class=\"container\">\n<ol class=\"breadcrumb\">\n<li><a href=\"\/f\/home-es\">HOME<\/a><\/li>\n<li class=\"active\">Introducci\u00f3n de la Exposici\u00f3n<\/li>\n<\/ol>\n<\/div>\n<\/section>\n<section id=\"txt\" class=\"home-section\">\n<div class=\"container\">\n<div class=\"row\">\n<div class=\"txtArea\">\n<h3>La cultura de la ruta Tokaido publicada por Tsutaya y sus cruces &#8211; La persecuci\u00f3n del \u00e1ngulo visual de Hiroshige<\/h3>\n<h4>Introducci\u00f3n de la Exposici\u00f3n<\/h4>\n<div class=\"txtBox\">\n<p>Utagawa Hiroshige adem\u00e1s de la reconocida colecci\u00f3n Cincuenta y tres estaciones de la ruta Tokaido de Utagawa Hiroshige (tambi\u00e9n conocida como la colecci\u00f3n de la ruta Tokaido publicada por Hoeido) dibuj\u00f3 m\u00e1s de una veintena de colecciones de la ruta Tokaido. Esta ingeniosa percepci\u00f3n crea una diversidad de \u00e1ngulos visuales para representar las postas que la diferencian del resto de colecciones. En esta exposici\u00f3n podr\u00e1 disfrutar de la ruta Tokaido vista a trav\u00e9s de sus cruces, en una persecuci\u00f3n por parte de Hiroshige de un cambio del \u00e1ngulo visual para su representaci\u00f3n, en la conocida como la colecci\u00f3n de la ruta Tokaido publicada por Tsutaya.<\/p>\n<\/div>\n<div class=\"itemArea\">\n<div class=\"itemBox muchigh col-xs-12 col-sm-4 col-md-3\" >\n<h5>Rinc\u00f3n de la serie Las cincuenta y tres estaciones de Tokaido<\/h5>\n<p class=\"imgbox\"><img decoding=\"async\" src=\"\/f\/wp-content\/themes\/ukiyoe\/images\/collections\/PgKm2N9o_VL017_r01.jpg\" border=\"0\" alt=\"\"><\/p>\n<p>Fujisawa, from the series Fifty-three Stations of the Toukaidou (Tsutaya version)<\/p>\n<\/div>\n<div class=\"itemBox muchigh col-xs-12 col-sm-4 col-md-3\" style=\"height: 351px;\">\n<h5>Rinc\u00f3n de la posada Fujisawa<\/h5>\n<p class=\"imgbox\"><img decoding=\"async\" src=\"\/f\/wp-content\/themes\/ukiyoe\/images\/collections\/9zLmBqwo_VL018_r01.jpg\" border=\"0\" alt=\"\"><\/p>\n<p>Sugoroku Board Game of Perambulating along the Toukaidou<\/p>\n<\/div>\n<div class=\"itemBox muchigh col-xs-12 col-sm-4 col-md-3\" style=\"height: 351px;\">\n<h5>Rinc\u00f3n de Enoshima<\/h5>\n<p class=\"imgbox\"><img decoding=\"async\" src=\"\/f\/wp-content\/themes\/ukiyoe\/images\/collections\/TZPST2hE_VL019_r01.jpg\" border=\"0\" alt=\"\"><\/p>\n<p>Kanaya , from the series \u201cFifty-three Pairings for the Toukaidou Highway\u201d<\/p>\n<\/div>\n<div class=\"itemBox muchigh col-xs-12 col-sm-4 col-md-3\" style=\"height: 351px;\">\n<h5>Rinc\u00f3n especial de exposiciones<\/h5>\n<p class=\"imgbox\"><img decoding=\"async\" src=\"\/f\/wp-content\/themes\/ukiyoe\/images\/collections\/J6Kfnw58_VL020_r01.jpg\" border=\"0\" alt=\"\"><\/p>\n<p><ruby>\u6771\u6d77\u9053<rp>(<\/rp><rt>\u3068\u3046\u304b\u3044\u3069\u3046<\/rt><rp>)<\/rp><\/ruby><ruby>\u4e94<rp>(<\/rp><rt>\u3054<\/rt><rp>)<\/rp><\/ruby><ruby>\u5341\u56db<rp>(<\/rp><rt>\u3058\u3085\u3046\u3088\u3093<\/rt><rp>)<\/rp><\/ruby>\u3000<ruby>\u4e94\u5341\u4e09\u6b21<rp>(<\/rp><rt>\u3054\u3058\u3085\u3046\u3055\u3093\u3064\u304e<\/rt><rp>)<\/rp><\/ruby><ruby>\u5927\u5c3e<rp>(<\/rp><rt>\u305f\u3044\u3073<\/rt><rp>)<\/rp><\/ruby>\u3000<ruby>\u4eac\u90fd<rp>(<\/rp><rt>\u304d\u3087\u3046\u3068<\/rt><rp>)<\/rp><\/ruby><\/p>\n<\/div>\n<\/div>\n<p><a href=\"\/f\/archive-es\"><button type=\"button\" class=\"btnnex\">The Exhibition Archive<\/button><\/a><\/p>\n<\/div>\n<\/div>\n<\/div>\n<\/section>\n","protected":false},"excerpt":{"rendered":"<p>HOME Introducci\u00f3n de la Exposici\u00f3n La cultura de la ruta Tokaido publicada por Tsutaya y sus cruces &#8211; La [&hellip;]<\/p>\n","protected":false},"author":1,"featured_media":0,"parent":0,"menu_order":0,"comment_status":"closed","ping_status":"closed","template":"page-es.php","meta":{"footnotes":""},"class_list":["post-1573","page","type-page","status-publish","hentry"],"_links":{"self":[{"href":"https:\/\/fujisawa-ukiyoekan.net\/f\/wp-json\/wp\/v2\/pages\/1573","targetHints":{"allow":["GET"]}}],"collection":[{"href":"https:\/\/fujisawa-ukiyoekan.net\/f\/wp-json\/wp\/v2\/pages"}],"about":[{"href":"https:\/\/fujisawa-ukiyoekan.net\/f\/wp-json\/wp\/v2\/types\/page"}],"author":[{"embeddable":true,"href":"https:\/\/fujisawa-ukiyoekan.net\/f\/wp-json\/wp\/v2\/users\/1"}],"replies":[{"embeddable":true,"href":"https:\/\/fujisawa-ukiyoekan.net\/f\/wp-json\/wp\/v2\/comments?post=1573"}],"version-history":[{"count":2,"href":"https:\/\/fujisawa-ukiyoekan.net\/f\/wp-json\/wp\/v2\/pages\/1573\/revisions"}],"predecessor-version":[{"id":1645,"href":"https:\/\/fujisawa-ukiyoekan.net\/f\/wp-json\/wp\/v2\/pages\/1573\/revisions\/1645"}],"wp:attachment":[{"href":"https:\/\/fujisawa-ukiyoekan.net\/f\/wp-json\/wp\/v2\/media?parent=1573"}],"curies":[{"name":"wp","href":"https:\/\/api.w.org\/{rel}","templated":true}]}}