{"id":1571,"date":"2023-11-10T14:37:31","date_gmt":"2023-11-10T05:37:31","guid":{"rendered":"https:\/\/www.fujisawa-ukiyoekan.net\/f\/?page_id=1571"},"modified":"2023-11-10T14:37:31","modified_gmt":"2023-11-10T05:37:31","slug":"collections-2-es","status":"publish","type":"page","link":"https:\/\/fujisawa-ukiyoekan.net\/f\/collections-2-es\/","title":{"rendered":"\u5c55\u793a\u5185\u5bb9\u7d39\u4ecb\u3000\u307f\u308f\u305f\u3059\u7d76\u666f\u3000\u540d\u6240\u7d75\u00d7\u9ce5\u77b0\u56f3\u306e\u9b45\u529b\u3000 (\u30b9\u30da\u30a4\u30f3\u8a9e)"},"content":{"rendered":"<section id=\"top\" class=\"bc-section\">\n<div class=\"container\">\n<ol class=\"breadcrumb\">\n<li><a href=\"\/f\/home-es\">HOME<\/a><\/li>\n<li class=\"active\">Introducci\u00f3n de la Exposici\u00f3n<\/li>\n<\/ol>\n<\/div>\n<\/section>\n<div class=\"container\">\n<div class=\"row\">\n<div class=\"txtArea\">\n<h3>Una vista panor\u00e1mica espectacular: Los encantos de la pintura de lugares famosos y la pintura a vista de p\u00e1jaro<\/h3>\n<h4>Introducci\u00f3n de la Exposici\u00f3n<\/h4>\n<div class=\"txtBox\">\n<p>De las pinturas de lugares famosos de la Era Edo (1603-1868) y de los mapas de informaci\u00f3n tur\u00edstica posterior a la Era Taisho (1912-1926), se exhiben obras dibujadas desde la perspectiva \u201ca vista de p\u00e1jaro\u201d. Usualmente, la mayor\u00eda de las obras de grabado Ukiyo-e se ilustra con la composici\u00f3n panor\u00e1mica, pero en caso de las pinturas a vista de p\u00e1jaro, la perspectiva es a\u00fan m\u00e1s alta. Se exhiben obras de grabado Ukiyo-e con perspectiva a vista de p\u00e1jaro que pueden ser clasificadas como pinturas de lugares famosos o mapas ilustrados, adem\u00e1s se presenta al conocido cart\u00f3grafo y artista de la Era Taisho, Yoshida Hatsusaburo, y otros pintores quienes utilizaron las pinturas a vista de p\u00e1jaro para la informaci\u00f3n tur\u00edstica. Se observa c\u00f3mo ilustran los lugares famosos y c\u00f3mo van cambiando las caracter\u00edsticas del mapa de informaci\u00f3n tur\u00edstica desde la Era Edo hasta la Era Showa.<\/p>\n<\/div>\n<div class=\"itemArea\">\n<div class=\"itemBox muchigh col-xs-12 col-sm-4 col-md-3\">\n<h5>Rinc\u00f3n de la serie Las cincuenta y tres estaciones de Tokaido<\/h5>\n<p class=\"imgbox\"><img decoding=\"async\" src=\"\/f\/wp-content\/themes\/ukiyoe\/images\/collections\/IS45vboN_VL017_r01.jpg\" border=\"0\" alt=\"\"><\/p>\n<p>The Sugoroku Board Game of Travelling to the Destination of Kyoto via Pilgrimage to Ise Shrine<\/p>\n<\/div>\n<div class=\"itemBox muchigh col-xs-12 col-sm-4 col-md-3\" style=\"height: 303px;\">\n<h5>Rinc\u00f3n de la posada Fujisawa<\/h5>\n<p class=\"imgbox\"><img decoding=\"async\" src=\"\/f\/wp-content\/themes\/ukiyoe\/images\/collections\/tpOAspA8_VL018_r01.jpg\" border=\"0\" alt=\"\"><\/p>\n<p>Isla de Enoshima, de la serie \u201cLos lugares famosos de los Toukaidou\u201d<\/p>\n<\/div>\n<div class=\"itemBox muchigh col-xs-12 col-sm-4 col-md-3\" style=\"height: 303px;\">\n<h5>Rinc\u00f3n de Enoshima<\/h5>\n<p class=\"imgbox\"><img decoding=\"async\" src=\"\/f\/wp-content\/themes\/ukiyoe\/images\/collections\/Czg5t1F0_VL019_r01.jpg\" border=\"0\" alt=\"\"><\/p>\n<p>Gu\u00eda del peregrino solitario al Monte Fuji<\/p>\n<\/div>\n<div class=\"itemBox muchigh col-xs-12 col-sm-4 col-md-3\" style=\"height: 303px;\">\n<h5>Rinc\u00f3n especial de exposiciones<\/h5>\n<p class=\"imgbox\"><img decoding=\"async\" src=\"\/f\/wp-content\/themes\/ukiyoe\/images\/collections\/q4PJGRUW_VL020_r01.jpg\" border=\"0\" alt=\"\"><\/p>\n<p>Las im\u00e1genes de los lugares tur\u00edsticos de la prefectura de Kanagawa<\/p>\n<\/div>\n<\/div>\n<p><a href=\"\/f\/archive-es\"><button type=\"button\" class=\"btnnex\">The Exhibition Archive<\/button><\/a><\/p>\n<\/div>\n<\/div>\n<\/div>\n","protected":false},"excerpt":{"rendered":"<p>HOME Introducci\u00f3n de la Exposici\u00f3n Una vista panor\u00e1mica espectacular: Los encantos de la pintura de lugares fa [&hellip;]<\/p>\n","protected":false},"author":1,"featured_media":0,"parent":0,"menu_order":0,"comment_status":"closed","ping_status":"closed","template":"page-es.php","meta":{"footnotes":""},"class_list":["post-1571","page","type-page","status-publish","hentry"],"_links":{"self":[{"href":"https:\/\/fujisawa-ukiyoekan.net\/f\/wp-json\/wp\/v2\/pages\/1571","targetHints":{"allow":["GET"]}}],"collection":[{"href":"https:\/\/fujisawa-ukiyoekan.net\/f\/wp-json\/wp\/v2\/pages"}],"about":[{"href":"https:\/\/fujisawa-ukiyoekan.net\/f\/wp-json\/wp\/v2\/types\/page"}],"author":[{"embeddable":true,"href":"https:\/\/fujisawa-ukiyoekan.net\/f\/wp-json\/wp\/v2\/users\/1"}],"replies":[{"embeddable":true,"href":"https:\/\/fujisawa-ukiyoekan.net\/f\/wp-json\/wp\/v2\/comments?post=1571"}],"version-history":[{"count":2,"href":"https:\/\/fujisawa-ukiyoekan.net\/f\/wp-json\/wp\/v2\/pages\/1571\/revisions"}],"predecessor-version":[{"id":1644,"href":"https:\/\/fujisawa-ukiyoekan.net\/f\/wp-json\/wp\/v2\/pages\/1571\/revisions\/1644"}],"wp:attachment":[{"href":"https:\/\/fujisawa-ukiyoekan.net\/f\/wp-json\/wp\/v2\/media?parent=1571"}],"curies":[{"name":"wp","href":"https:\/\/api.w.org\/{rel}","templated":true}]}}