{"id":1565,"date":"2023-11-10T14:37:42","date_gmt":"2023-11-10T05:37:42","guid":{"rendered":"https:\/\/www.fujisawa-ukiyoekan.net\/f\/?page_id=1565"},"modified":"2023-11-10T14:39:27","modified_gmt":"2023-11-10T05:39:27","slug":"collections-9-es","status":"publish","type":"page","link":"https:\/\/fujisawa-ukiyoekan.net\/f\/collections-9-es\/","title":{"rendered":"\u5c55\u793a\u5185\u5bb9\u7d39\u4ecb\u3000\u30a2\u30ca\u30b6\u30fc\u6771\u6d77\u9053\uff08\u30b9\u30da\u30a4\u30f3\u8a9e\uff09"},"content":{"rendered":"<section id=\"top\" class=\"bc-section\">\n<div class=\"container\">\n<ol class=\"breadcrumb\">\n<li><a href=\"\/f\/home-es\">HOME<\/a><\/li>\n<li class=\"active\">Introducci\u00f3n de la Exposici\u00f3n<\/li>\n<\/ol>\n<\/div>\n<\/section>\n<section id=\"txt\" class=\"home-section\">\n<div class=\"container\">\n<div class=\"row\">\n<div class=\"txtArea\">\n<h3 id=\"collections-title\">Otro Toukaidou: C\u00f3mo ilustrar la carretera Toukaidou de manera diversa y anormal<\/h3>\n<h4>Introducci\u00f3n de la Exposici\u00f3n<\/h4>\n<div class=\"txtBox\">\n<p id=\"collections-p\">La serie conocida como \u201cLas cincuenta y tres estaciones de Toukaidou (edici\u00f3n Hoeido)\u201d de Utagawa Hiroshige es el Ukiyo-e m\u00e1s famoso de la carretera Toukaidou desde la Era Edo hasta el d\u00eda de hoy. Sin embargo, al mismo tiempo tambi\u00e9n existen muchas series de Toukaidou poco conocidas, ilustradas por otros pintores. En esta exhibici\u00f3n, se muestran las obras no tan populares de Ukiyo-e de la carretera Toukaidou seleccionadas del inventario de la ciudad de Fujisawa. Asimismo, se presentan las ideas llenas de originalidad de los artistas de Ukiyo-e, junto con la influencia de Hiroshige.\n<\/p>\n<\/div>\n<div class=\"itemArea\">\n<div class=\"itemBox muchigh col-xs-12 col-sm-4 col-md-3\" >\n<h5><ruby>Rinc\u00f3n de la serie Las cincuenta y tres estaciones de Tokaido<\/h5>\n<p class=\"imgbox\"><img decoding=\"async\" id=\"collections-toukai-img\" src=\"\/f\/wp-content\/themes\/ukiyoe\/images\/collections\/xURbczQY_VL017_r01.jpg\" alt=\"\"><\/p>\n<p id=\"collections-toukai-p\">Fujisawa, de la serie Las cincuenta y tres estaciones de Tokaido (edici\u00f3n Hoeido)<\/div>\n<div class=\"itemBox muchigh col-xs-12 col-sm-4 col-md-3\" style=\"height: 327px;\">\n<h5><ruby>Rinc\u00f3n de la posada Fujisawa<\/h5>\n<p class=\"imgbox\"><img decoding=\"async\" id=\"collections-hujisawa-img\" src=\"\/f\/wp-content\/themes\/ukiyoe\/images\/collections\/bANVsxp2_VL018_r01.jpg\" border=\"0\" alt=\"\"><\/p>\n<p id=\"collections-hujisawa-p\"><ruby>\u6771\u6d77\u9053\u4e94\u5341\u4e09\u6b21<rp>(<\/rp><rt>\u3068\u3046\u304b\u3044\u3069\u3046\u3054\u3058\u3085\u3046\u3055\u3093\u3064\u304e<\/rt><rp>)<\/rp><\/ruby><ruby>\u7248\u753b<rp>(<\/rp><rt>\u306f\u3093\u304c<\/rt><rp>)<\/rp><\/ruby><ruby>\u7d75\u5dfb<rp>(<\/rp><rt>\u3048\u307e\u304d<\/rt><rp>)<\/rp><\/ruby>\u3008<ruby>\u6238\u585a\u5bbf<rp>(<\/rp><rt>\u3068\u3064\u304b\u3057\u3085\u304f<\/rt><rp>)<\/rp><\/ruby>\u3009<\/div>\n<div class=\"itemBox muchigh col-xs-12 col-sm-4 col-md-3\" style=\"height: 327px;\">\n<h5>Rinc\u00f3n de Enoshima<\/h5>\n<p class=\"imgbox\"><img decoding=\"async\" id=\"collections-enoshima-img\" src=\"\/f\/wp-content\/themes\/ukiyoe\/images\/collections\/dDqkYbRJ_VL019_r01.jpg\" border=\"0\" alt=\"\"><\/p>\n<p id=\"collections-enoshima-p\">Untitled (Fujisawa inn landscape)<\/div>\n<div class=\"itemBox muchigh col-xs-12 col-sm-4 col-md-3\" style=\"\">\n<h5>Rinc\u00f3n especial de exposiciones<\/h5>\n<p class=\"imgbox\"><img decoding=\"async\" id=\"collections-kikaku-img\" src=\"\/f\/wp-content\/themes\/ukiyoe\/images\/collections\/LNdd4P73_VL020_r01.jpg\" border=\"0\" alt=\"\"><\/p>\n<p id=\"collections-kikaku-p\"><ruby>\u6771\u6d77\u9053<rp>(<\/rp><rt>\u3068\u3046\u304b\u3044\u3069\u3046<\/rt><rp>)<\/rp><\/ruby><ruby>\u4e94<rp>(<\/rp><rt>\u3054<\/rt><rp>)<\/rp><\/ruby><ruby>\u5341\u4e09\u99c5<rp>(<\/rp><rt>\u3058\u3085\u3046\u3055\u3093\u3048\u304d<\/rt><rp>)<\/rp><\/ruby> <ruby>\u9262\u5c71<rp>(<\/rp><rt>\u306f\u3061\u3084\u307e<\/rt><rp>)<\/rp><\/ruby><ruby>\u56f3\u7d75<rp>(<\/rp><rt>\u305a\u3048<\/rt><rp>)<\/rp><\/ruby> <ruby>\u65e5\u672c\u6a4b<rp>(<\/rp><rt>\u306b\u307b\u3093\u3070\u3057<\/rt><rp>)<\/rp><\/ruby><\/div>\n<\/div>\n<p><a href=\"\/f\/archive-es\"><button type=\"button\" class=\"btnnex\">The Exhibition Archive<\/button><\/a><\/p>\n<\/div>\n<\/div>\n<\/div>\n<\/section>\n","protected":false},"excerpt":{"rendered":"<p>HOME Introducci\u00f3n de la Exposici\u00f3n Otro Toukaidou: C\u00f3mo ilustrar la carretera Toukaidou de manera diversa y an [&hellip;]<\/p>\n","protected":false},"author":1,"featured_media":0,"parent":0,"menu_order":0,"comment_status":"closed","ping_status":"closed","template":"page-es.php","meta":{"footnotes":""},"class_list":["post-1565","page","type-page","status-publish","hentry"],"_links":{"self":[{"href":"https:\/\/fujisawa-ukiyoekan.net\/f\/wp-json\/wp\/v2\/pages\/1565","targetHints":{"allow":["GET"]}}],"collection":[{"href":"https:\/\/fujisawa-ukiyoekan.net\/f\/wp-json\/wp\/v2\/pages"}],"about":[{"href":"https:\/\/fujisawa-ukiyoekan.net\/f\/wp-json\/wp\/v2\/types\/page"}],"author":[{"embeddable":true,"href":"https:\/\/fujisawa-ukiyoekan.net\/f\/wp-json\/wp\/v2\/users\/1"}],"replies":[{"embeddable":true,"href":"https:\/\/fujisawa-ukiyoekan.net\/f\/wp-json\/wp\/v2\/comments?post=1565"}],"version-history":[{"count":3,"href":"https:\/\/fujisawa-ukiyoekan.net\/f\/wp-json\/wp\/v2\/pages\/1565\/revisions"}],"predecessor-version":[{"id":1702,"href":"https:\/\/fujisawa-ukiyoekan.net\/f\/wp-json\/wp\/v2\/pages\/1565\/revisions\/1702"}],"wp:attachment":[{"href":"https:\/\/fujisawa-ukiyoekan.net\/f\/wp-json\/wp\/v2\/media?parent=1565"}],"curies":[{"name":"wp","href":"https:\/\/api.w.org\/{rel}","templated":true}]}}