{"id":1563,"date":"2023-11-10T14:33:46","date_gmt":"2023-11-10T05:33:46","guid":{"rendered":"https:\/\/www.fujisawa-ukiyoekan.net\/f\/?page_id=1563"},"modified":"2023-11-10T14:33:46","modified_gmt":"2023-11-10T05:33:46","slug":"collections-8-fr","status":"publish","type":"page","link":"https:\/\/fujisawa-ukiyoekan.net\/f\/collections-8-fr\/","title":{"rendered":"\u5c55\u793a\u5185\u5bb9\u7d39\u4ecb\u3000\u7f8e\u4eba\u6771\u6d77\u9053\u306e\u98a8\u666f\u306b\u307f\u308b\u56fd\u8c9e\u3068\u5e83\u91cd\u306e\u3064\u306a\u304c\u308a(\u30d5\u30e9\u30f3\u30b9\u8a9e)"},"content":{"rendered":"<section id=\"top\" class=\"bc-section\">\n<div class=\"container\">\n<ol class=\"breadcrumb\">\n<li><a href=\"\/f\/home-fr\">HOME<\/a><\/li>\n<li class=\"active\">Pr\u00e9sentation de l&#8217;exposition<\/li>\n<\/ol>\n<\/div>\n<\/section>\n<section id=\"txt\" class=\"home-section\">\n<div class=\"container\">\n<div class=\"row\">\n<div class=\"txtArea\">\n<h3>Les liens qui unissent Kunisada et Hiroshige \u00e0 travers les paysages mettant en sc\u00e8ne les belles femmes (Bijin) du T\u014dkaid\u014d.<\/h3>\n<h4>Pr\u00e9sentation de l&#8217;exposition<\/h4>\n<div class=\"txtBox\">\n<p>L&#8217;\u0153uvre de Utagawa Kunisada (Toyokuni III) intitul\u00e9e \u00ab Les Cinquante-trois Stations du T\u014dkaid\u014d \u00bb (ou T\u014dkaid\u014d goj\u016bsan-tsugi no uchi) (commun\u00e9ment appel\u00e9e \u00ab Belles femmes (Bijin) du T\u014dkaid\u014d \u00bb) est connue comme une s\u00e9rie d\u2019estampes repr\u00e9sentant diverses femmes en premier plan avec en fond les relais de la route du T\u014dkaid\u014d. De nombreuses images en arri\u00e8re-plan sont tir\u00e9es du \u00ab T\u014dkaid\u014d goj\u016bsan-tsugi no uchi \u00bb d&#8217;Utagawa Hiroshige (commun\u00e9ment appel\u00e9 l\u2019\u00e9dition H\u014deid\u014d du T\u014dkaid\u014d). Dans cette exposition, les \u0153uvres des belles femmes (Bijin) du T\u014dkaid\u014d et de la version H\u014deid\u014d du T\u014dkaid\u014d (r\u00e9imprim\u00e9e) sont pr\u00e9sent\u00e9es ensemble, permettant aux visiteurs de comparer les similitudes et les diff\u00e9rences d&#8217;expression dans chacune d\u2019entre elle.<\/p>\n<\/div>\n<div class=\"itemArea\">\n<div class=\"itemBox muchigh col-xs-12 col-sm-4 col-md-3\" style=\"height: 327px;\">\n<h5>\nCoin de s\u00e9rie \u00ab Les Cinquante-trois Relais du T\u014dkaid\u014d \u00bb<\/h5>\n<p class=\"imgbox\"><img decoding=\"async\" src=\"\/f\/wp-content\/themes\/ukiyoe\/images\/collections\/ldaXQHKx_VL017_r01.jpg\" border=\"0\" alt=\"\"><\/p>\n<p>Fujisawa from the series \u201cFifty-three Stations of the Toukaidou Highway\u201d<\/p>\n<\/div>\n<div class=\"itemBox muchigh col-xs-12 col-sm-4 col-md-3\" style=\"height: 327px;\">\n<h5>Coin de l&#8217;auberge Fujisawa<\/h5>\n<p class=\"imgbox\"><img decoding=\"async\" src=\"\/f\/wp-content\/themes\/ukiyoe\/images\/collections\/p8SzAR0z_VL018_r01.jpg\" border=\"0\" alt=\"\"><\/p>\n<p>Hakone, from the series \u201cFifty-three Stations of the Toukaidou Highway\u201d<\/p>\n<\/div>\n<div class=\"itemBox muchigh col-xs-12 col-sm-4 col-md-3\" style=\"height: 327px;\">\n<h5>Coin Enoshima<\/h5>\n<p class=\"imgbox\"><img decoding=\"async\" src=\"\/f\/wp-content\/themes\/ukiyoe\/images\/collections\/gn35dsUB_VL019_r01.jpg\" border=\"0\" alt=\"\"><\/p>\n<p>True View of Enoshima Island of Sagami Province<\/p>\n<\/div>\n<div class=\"itemBox muchigh col-xs-12 col-sm-4 col-md-3\" style=\"height: 327px;\">\n<h5>Coin des expositions sp\u00e9ciales<\/h5>\n<p class=\"imgbox\"><img decoding=\"async\" src=\"\/f\/wp-content\/themes\/ukiyoe\/images\/collections\/W1oU0eAl_VL020_r01.jpg\" border=\"0\" alt=\"\"><\/p>\n<p>Kyoto, from the series \u201cFifty-three Stations of the Toukaidou Highway\u201d<\/p>\n<\/div>\n<\/div>\n<p><a href=\"\/f\/archive-fr\"><button type=\"button\" class=\"btnnex\">The Exhibition Archive<\/button><\/a><\/p>\n<\/div>\n<\/div>\n<\/div>\n<\/section>\n","protected":false},"excerpt":{"rendered":"<p>HOME Pr\u00e9sentation de l&#8217;exposition Les liens qui unissent Kunisada et Hiroshige \u00e0 travers les paysages me [&hellip;]<\/p>\n","protected":false},"author":1,"featured_media":0,"parent":0,"menu_order":0,"comment_status":"closed","ping_status":"closed","template":"page-fr.php","meta":{"footnotes":""},"class_list":["post-1563","page","type-page","status-publish","hentry"],"_links":{"self":[{"href":"https:\/\/fujisawa-ukiyoekan.net\/f\/wp-json\/wp\/v2\/pages\/1563","targetHints":{"allow":["GET"]}}],"collection":[{"href":"https:\/\/fujisawa-ukiyoekan.net\/f\/wp-json\/wp\/v2\/pages"}],"about":[{"href":"https:\/\/fujisawa-ukiyoekan.net\/f\/wp-json\/wp\/v2\/types\/page"}],"author":[{"embeddable":true,"href":"https:\/\/fujisawa-ukiyoekan.net\/f\/wp-json\/wp\/v2\/users\/1"}],"replies":[{"embeddable":true,"href":"https:\/\/fujisawa-ukiyoekan.net\/f\/wp-json\/wp\/v2\/comments?post=1563"}],"version-history":[{"count":1,"href":"https:\/\/fujisawa-ukiyoekan.net\/f\/wp-json\/wp\/v2\/pages\/1563\/revisions"}],"predecessor-version":[{"id":1564,"href":"https:\/\/fujisawa-ukiyoekan.net\/f\/wp-json\/wp\/v2\/pages\/1563\/revisions\/1564"}],"wp:attachment":[{"href":"https:\/\/fujisawa-ukiyoekan.net\/f\/wp-json\/wp\/v2\/media?parent=1563"}],"curies":[{"name":"wp","href":"https:\/\/api.w.org\/{rel}","templated":true}]}}