{"id":1561,"date":"2023-11-10T14:37:46","date_gmt":"2023-11-10T05:37:46","guid":{"rendered":"https:\/\/www.fujisawa-ukiyoekan.net\/f\/?page_id=1561"},"modified":"2023-11-10T14:37:46","modified_gmt":"2023-11-10T05:37:46","slug":"collections-7-fr","status":"publish","type":"page","link":"https:\/\/fujisawa-ukiyoekan.net\/f\/collections-7-fr\/","title":{"rendered":"\u5c55\u793a\u5185\u5bb9\u7d39\u4ecb\u3000\u6c5f\u306e\u5cf6\u8a63\u3068\u6d6e\u4e16\u7d75\u3067\u307f\u308b\u5f01\u8ca1\u5929\u4fe1\u4ef0\u306e\u6b74\u53f2(\u30d5\u30e9\u30f3\u30b9\u8a9e)"},"content":{"rendered":"<section id=\"top\" class=\"bc-section\">\n<div class=\"container\">\n<ol class=\"breadcrumb\">\n<li><a href=\"\/f\/home-fr\">HOME<\/a><\/li>\n<li class=\"active\">Pr\u00e9sentation de l&#8217;exposition<\/li>\n<\/ol>\n<\/div>\n<\/section>\n<section id=\"txt\" class=\"home-section\">\n<div class=\"container\">\n<div class=\"row\">\n<div class=\"txtArea\">\n<h3>FUJISAWA LEGACY ENOSHIMA UKIYO-E<br \/>\nP\u00e8lerinage d&#8217;Enoshima et histoire du culte des Benzaiten dans les estampes ukiyo-e.<br \/>\n<\/h3>\n<h4>Pr\u00e9sentation de l&#8217;exposition<\/h4>\n<div class=\"txtBox\">\n<p>Enoshima est devenu largement connu en raison de la popularit\u00e9 des p\u00e8lerinages d&#8217;Enoshima pendant la p\u00e9riode Edo, qui \u00e9taient centr\u00e9s sur le culte de Benzaiten. Cette exposition pr\u00e9sente l&#8217;histoire du culte des Benzaiten \u00e0 l&#8217;\u00e9poque Edo \u00e0 travers les estampes ukiyo-e d&#8217;Enoshima et des mat\u00e9riaux locaux li\u00e9s aux Benzaiten.<\/p>\n<\/div>\n<div class=\"itemArea\">\n<div class=\"itemBox muchigh col-xs-12 col-sm-4 col-md-3\">\n<h5>Coin de s\u00e9rie \u00ab Les Cinquante-trois Relais du T\u014dkaid\u014d \u00bb<\/h5>\n<p class=\"imgbox\"><img decoding=\"async\" src=\"\/f\/wp-content\/themes\/ukiyoe\/images\/collections\/AzcLfrLZ_VL017_r01.jpg\" border=\"0\" alt=\"\"><\/p>\n<p>Large-size Picture Book of Enoshima Island<\/p>\n<\/div>\n<div class=\"itemBox muchigh col-xs-12 col-sm-4 col-md-3\" style=\"height: 327px;\">\n<h5>Coin de l&#8217;auberge Fujisawa<\/h5>\n<p class=\"imgbox\"><img decoding=\"async\" src=\"\/f\/wp-content\/themes\/ukiyoe\/images\/collections\/qQpkRYvD_VL018_r01.jpg\" border=\"0\" alt=\"\"><\/p>\n<p>Enoshima beach<\/p>\n<\/div>\n<div class=\"itemBox muchigh col-xs-12 col-sm-4 col-md-3\" style=\"height: 327px;\">\n<h5>Coin Enoshima<\/h5>\n<p class=\"imgbox\"><img decoding=\"async\" src=\"\/f\/wp-content\/themes\/ukiyoe\/images\/collections\/Cv78w7EP_VL019_r01.jpg\" border=\"0\" alt=\"\"><\/p>\n<p>Titre inconnu (C\u00e9r\u00e9monie Kaich\u014d au Benzaiten d&#8217;Enoshima)<\/p>\n<\/div>\n<div class=\"itemBox muchigh col-xs-12 col-sm-4 col-md-3\">\n<h5>Coin des expositions sp\u00e9ciales<\/h5>\n<p class=\"imgbox\"><img decoding=\"async\" src=\"\/f\/wp-content\/themes\/ukiyoe\/images\/collections\/g5HZfbmP_VL020_r01.jpg\" border=\"0\" alt=\"\"><\/p>\n<p>Vue de p\u00e8lerins lors de la C\u00e9r\u00e9monie Kaich\u014d au Sanctuaire Principal dans une grotte du Benzaiten d&#8217;Enoshima de la province de Sagami<\/p>\n<\/div>\n<\/div>\n<p><a href=\"\/f\/archive-fr\"><button type=\"button\" class=\"btnnex\">The Exhibition Archive<\/button><\/a><\/p>\n<\/div>\n<\/div>\n<\/div>\n<\/section>\n","protected":false},"excerpt":{"rendered":"<p>HOME Pr\u00e9sentation de l&#8217;exposition FUJISAWA LEGACY ENOSHIMA UKIYO-E P\u00e8lerinage d&#8217;Enoshima et histoi [&hellip;]<\/p>\n","protected":false},"author":1,"featured_media":0,"parent":0,"menu_order":0,"comment_status":"closed","ping_status":"closed","template":"page-fr.php","meta":{"footnotes":""},"class_list":["post-1561","page","type-page","status-publish","hentry"],"_links":{"self":[{"href":"https:\/\/fujisawa-ukiyoekan.net\/f\/wp-json\/wp\/v2\/pages\/1561","targetHints":{"allow":["GET"]}}],"collection":[{"href":"https:\/\/fujisawa-ukiyoekan.net\/f\/wp-json\/wp\/v2\/pages"}],"about":[{"href":"https:\/\/fujisawa-ukiyoekan.net\/f\/wp-json\/wp\/v2\/types\/page"}],"author":[{"embeddable":true,"href":"https:\/\/fujisawa-ukiyoekan.net\/f\/wp-json\/wp\/v2\/users\/1"}],"replies":[{"embeddable":true,"href":"https:\/\/fujisawa-ukiyoekan.net\/f\/wp-json\/wp\/v2\/comments?post=1561"}],"version-history":[{"count":4,"href":"https:\/\/fujisawa-ukiyoekan.net\/f\/wp-json\/wp\/v2\/pages\/1561\/revisions"}],"predecessor-version":[{"id":1641,"href":"https:\/\/fujisawa-ukiyoekan.net\/f\/wp-json\/wp\/v2\/pages\/1561\/revisions\/1641"}],"wp:attachment":[{"href":"https:\/\/fujisawa-ukiyoekan.net\/f\/wp-json\/wp\/v2\/media?parent=1561"}],"curies":[{"name":"wp","href":"https:\/\/api.w.org\/{rel}","templated":true}]}}