{"id":1559,"date":"2023-11-10T14:37:50","date_gmt":"2023-11-10T05:37:50","guid":{"rendered":"https:\/\/www.fujisawa-ukiyoekan.net\/f\/?page_id=1559"},"modified":"2023-11-10T14:37:50","modified_gmt":"2023-11-10T05:37:50","slug":"collections-6-fr","status":"publish","type":"page","link":"https:\/\/fujisawa-ukiyoekan.net\/f\/collections-6-fr\/","title":{"rendered":"\u5c55\u793a\u5185\u5bb9\u7d39\u4ecb\u3000\u6d6e\u4e16\u7d75\u3068\u7d75\u306f\u304c\u304d\u3067\u5de1\u308b\u795e\u5948\u5ddd\u3068\u6771\u6d77\u9053(\u30d5\u30e9\u30f3\u30b9\u8a9e)"},"content":{"rendered":"<section id=\"top\" class=\"bc-section\">\n<div class=\"container\">\n<ol class=\"breadcrumb\">\n<li><a href=\"\/f\/home-fr\">HOME<\/a><\/li>\n<li class=\"active\">Pr\u00e9sentation de l&#8217;exposition<\/li>\n<\/ol>\n<\/div>\n<\/section>\n<section id=\"txt\" class=\"home-section\">\n<div class=\"container\">\n<div class=\"row\">\n<div class=\"txtArea\">\n<h3>Estampes ukiyo-e et cartes postales de Kanagawa et du T\u014dkaid\u014d.<\/h3>\n<h4>Pr\u00e9sentation de l&#8217;exposition<\/h4>\n<div class=\"txtBox\">\n<p>Les cartes postales sont apparues \u00e0 l&#8217;\u00e9poque Meiji comme un moyen de transmettre visuellement les attractions touristiques, rempla\u00e7ant les estampes ukiyo-e qui \u00e9taient populaires \u00e0 l&#8217;\u00e9poque Edo. Comparez et opposez les diverses estampes ukiyo-e et cartes postales illustrant des sites touristiques de la pr\u00e9fecture de Kanagawa de la p\u00e9riode Meiji \u00e0 la p\u00e9riode Showa, notamment Enoshima, Kamakura et Oiso, et d\u00e9couvrez les changements dans ces lieux et paysages c\u00e9l\u00e8bres, ainsi que les diff\u00e9rentes perspectives concernant le tourisme de chaque p\u00e9riode.<\/p>\n<\/div>\n<div class=\"itemArea\">\n<div class=\"itemBox muchigh col-xs-12 col-sm-4 col-md-3\" >\n<h5>Coin de s\u00e9rie \u00ab Les Cinquante-trois Relais du T\u014dkaid\u014d \u00bb<\/h5>\n<p class=\"imgbox\"><img decoding=\"async\" src=\"\/f\/wp-content\/themes\/ukiyoe\/images\/collections\/45Z2fTZJ_VL017_r01.jpg\" border=\"0\" alt=\"\"><\/p>\n<p>Les Cinquante-trois Relais du T\u014dkaid\u014d\u3000Kanagawa, Hodogaya, Totsuka, Fujisawa<\/p>\n<\/div>\n<div class=\"itemBox muchigh col-xs-12 col-sm-4 col-md-3\" style=\"height: 327px;\">\n<h5>Coin de l&#8217;auberge Fujisawa<\/h5>\n<p class=\"imgbox\"><img decoding=\"async\" src=\"\/f\/wp-content\/themes\/ukiyoe\/images\/collections\/yWiUN698_VL018_r01.jpg\" border=\"0\" alt=\"\"><\/p>\n<p>Lieux c\u00e9l\u00e8bres de la route du T\u014dkaid\u014d<\/p>\n<\/div>\n<div class=\"itemBox muchigh col-xs-12 col-sm-4 col-md-3\" style=\"height: 327px;\">\n<h5>Coin Enoshima<\/h5>\n<p class=\"imgbox\"><img decoding=\"async\" src=\"\/f\/wp-content\/themes\/ukiyoe\/images\/collections\/OkNyODS6_VL019_r01.jpg\" border=\"0\" alt=\"\"><\/p>\n<p>\u00cele d\u2019Enoshima<\/p>\n<\/div>\n<div class=\"itemBox muchigh col-xs-12 col-sm-4 col-md-3\" style=\"height: 327px;\">\n<h5>Coin des expositions sp\u00e9ciales<\/h5>\n<p class=\"imgbox\"><img decoding=\"async\" src=\"\/f\/wp-content\/themes\/ukiyoe\/images\/collections\/v7pYDuxl_VL020_r01.jpg\" border=\"0\" alt=\"\"><\/p>\n<p>Miya, s\u00e9rie \u00ab\u00a0T\u014dkaid\u014d\u00a0\u00bb<\/p>\n<\/div>\n<\/div>\n<p><a href=\"\/f\/archive-fr\"><button type=\"button\" class=\"btnnex\">The Exhibition Archive<\/button><\/a><\/p>\n<\/div>\n<\/div>\n<\/div>\n<\/section>\n","protected":false},"excerpt":{"rendered":"<p>HOME Pr\u00e9sentation de l&#8217;exposition Estampes ukiyo-e et cartes postales de Kanagawa et du T\u014dkaid\u014d. Pr\u00e9sent [&hellip;]<\/p>\n","protected":false},"author":1,"featured_media":0,"parent":0,"menu_order":0,"comment_status":"closed","ping_status":"closed","template":"page-fr.php","meta":{"footnotes":""},"class_list":["post-1559","page","type-page","status-publish","hentry"],"_links":{"self":[{"href":"https:\/\/fujisawa-ukiyoekan.net\/f\/wp-json\/wp\/v2\/pages\/1559","targetHints":{"allow":["GET"]}}],"collection":[{"href":"https:\/\/fujisawa-ukiyoekan.net\/f\/wp-json\/wp\/v2\/pages"}],"about":[{"href":"https:\/\/fujisawa-ukiyoekan.net\/f\/wp-json\/wp\/v2\/types\/page"}],"author":[{"embeddable":true,"href":"https:\/\/fujisawa-ukiyoekan.net\/f\/wp-json\/wp\/v2\/users\/1"}],"replies":[{"embeddable":true,"href":"https:\/\/fujisawa-ukiyoekan.net\/f\/wp-json\/wp\/v2\/comments?post=1559"}],"version-history":[{"count":2,"href":"https:\/\/fujisawa-ukiyoekan.net\/f\/wp-json\/wp\/v2\/pages\/1559\/revisions"}],"predecessor-version":[{"id":1639,"href":"https:\/\/fujisawa-ukiyoekan.net\/f\/wp-json\/wp\/v2\/pages\/1559\/revisions\/1639"}],"wp:attachment":[{"href":"https:\/\/fujisawa-ukiyoekan.net\/f\/wp-json\/wp\/v2\/media?parent=1559"}],"curies":[{"name":"wp","href":"https:\/\/api.w.org\/{rel}","templated":true}]}}