{"id":1555,"date":"2023-11-10T14:33:52","date_gmt":"2023-11-10T05:33:52","guid":{"rendered":"https:\/\/www.fujisawa-ukiyoekan.net\/f\/?page_id=1555"},"modified":"2023-11-10T14:33:52","modified_gmt":"2023-11-10T05:33:52","slug":"collections-4-fr","status":"publish","type":"page","link":"https:\/\/fujisawa-ukiyoekan.net\/f\/collections-4-fr\/","title":{"rendered":"\u5c55\u793a\u5185\u5bb9\u7d39\u4ecb\u3000\u30b5\u30a4\u306f\u6295\u3052\u3089\u308c\u305f \u6c5f\u6238\u306e\u7d75\u53cc\u516d\u304a\u3082\u3057\u308d\u30d2\u30b9\u30c8\u30ea\u30fc(\u30d5\u30e9\u30f3\u30b9\u8a9e)"},"content":{"rendered":"<section id=\"top\" class=\"bc-section\">\n<div class=\"container\">\n<ol class=\"breadcrumb\">\n<li><a href=\"\/f\/home-fr\">HOME<\/a><\/li>\n<li class=\"active\">Pr\u00e9sentation de l&#8217;exposition<\/li>\n<\/ol>\n<\/div>\n<\/section>\n<section id=\"txt\" class=\"home-section\">\n<div class=\"container\">\n<div class=\"row\">\n<div class=\"txtArea\">\n<h3>Le rhinoc\u00e9ros a \u00e9t\u00e9 lanc\u00e9 : une histoire int\u00e9ressante de l\u2019e-sugoroku d&#8217;Edo.<\/h3>\n<h4>Pr\u00e9sentation de l&#8217;exposition<\/h4>\n<div class=\"txtBox\">\n<p>Pour les enfants d&#8217;Edo, l\u2019e-sugoroku (sorte de jeu de l\u2019oie) \u00e9tait appr\u00e9ci\u00e9e non seulement pour le jeu mais aussi pour son \u00e9vasion visuelle. Ils pouvaient servir d\u2019exp\u00e9rience pour simuler le voyage dans divers endroits avec le \u00ab D\u014dch\u016b Sugoroku \u00bb (jeu sur le th\u00e8me du voyage), et a m\u00eame suivi les \u00e9volutions des moyens de transport, en passant de la marche \u00e0 pied au voyage en train avec le \u00ab T\u014dkaid\u014d Sugoroku \u00bb qui a \u00e9t\u00e9 produit massivement jusqu&#8217;\u00e0 la p\u00e9riode Showa. Dans la collection de la ville de Fujisawa, on trouve aussi le \u00ab Tobi Sugoroku \u00bb, qui offre une fa\u00e7on de jouer que l&#8217;on ne voit plus souvent de nos jours.<\/p>\n<\/div>\n<div class=\"itemArea\">\n<div class=\"itemBox muchigh col-xs-12 col-sm-4 col-md-3\" style=\"height: 327px;\">\n<h5>Coin de s\u00e9rie \u00ab Les Cinquante-trois Relais du T\u014dkaid\u014d \u00bb<\/h5>\n<p class=\"imgbox\"><img decoding=\"async\" src=\"\/f\/wp-content\/themes\/ukiyoe\/images\/collections\/RKph1Lho_VL017_r01.jpg\" border=\"0\" alt=\"\"><\/p>\n<p>The Sugoroku Board Game of Imperial Visit<\/p>\n<\/div>\n<div class=\"itemBox muchigh col-xs-12 col-sm-4 col-md-3\" style=\"height: 327px;\">\n<h5>Coin de l&#8217;auberge Fujisawa<\/h5>\n<p class=\"imgbox\"><img decoding=\"async\" src=\"\/f\/wp-content\/themes\/ukiyoe\/images\/collections\/Z9bixjyp_VL018_r01.jpg\" border=\"0\" alt=\"\"><\/p>\n<p><ruby>\u4e16<rp>(<\/rp><rt>\u3088\u306f<\/rt><rp>)<\/rp><\/ruby><ruby>\u9032<rp>(<\/rp><rt>\u3059\u3059\u3080<\/rt><rp>)<\/rp><\/ruby><ruby>\u96fb\u8a71<rp>(<\/rp><rt>\u3067\u3093\u308f<\/rt><rp>)<\/rp><\/ruby><ruby>\u53cc\u516d<rp>(<\/rp><rt>\u3059\u3054\u308d\u304f<\/rt><rp>)<\/rp><\/ruby><\/p>\n<\/div>\n<div class=\"itemBox muchigh col-xs-12 col-sm-4 col-md-3\" style=\"height: 327px;\">\n<h5>Coin Enoshima<\/h5>\n<p class=\"imgbox\"><img decoding=\"async\" src=\"\/f\/wp-content\/themes\/ukiyoe\/images\/collections\/fRLiMgiT_VL019_r01.jpg\" border=\"0\" alt=\"\"><\/p>\n<p>Image des sept divinit\u00e9s de la bonne chance sur le Bort<\/p>\n<\/div>\n<div class=\"itemBox muchigh col-xs-12 col-sm-4 col-md-3\" style=\"height: 327px;\">\n<h5>Coin des expositions sp\u00e9ciales<\/h5>\n<p class=\"imgbox\"><img decoding=\"async\" src=\"\/f\/wp-content\/themes\/ukiyoe\/images\/collections\/GklABOma_VL020_r01.jpg\" border=\"0\" alt=\"\"><\/p>\n<p>\u3044\u308d\u306f<ruby>\u58c1<rp>(<\/rp><rt>\u304b\u3079<\/rt><rp>)<\/rp><\/ruby>\uff08<ruby>\u8b6c<rp>(<\/rp><rt>\u305f\u3068\u3048<\/rt><rp>)<\/rp><\/ruby>\uff09\u3000<ruby>\u795e\u4ecf<rp>(<\/rp><rt>\u3057\u3093\u3076\u3064<\/rt><rp>)<\/rp><\/ruby><ruby>\u540d\u6240<rp>(<\/rp><rt>\u3081\u3044\u3057\u3087<\/rt><rp>)<\/rp><\/ruby><ruby>\u5bff<rp>(<\/rp><rt>\u3059<\/rt><rp>)<\/rp><\/ruby><ruby>\u8a9e<rp>(<\/rp><rt>\u3054<\/rt><rp>)<\/rp><\/ruby><ruby>\u516d<rp>(<\/rp><rt>\u308d\u304f<\/rt><rp>)<\/rp><\/ruby><\/p>\n<\/div>\n<\/div>\n<p><a href=\"\/f\/archive-fr\"><button type=\"button\" class=\"btnnex\">The Exhibition Archive<\/button><\/a><\/p>\n<\/div>\n<\/div>\n<\/div>\n<\/section>\n","protected":false},"excerpt":{"rendered":"<p>HOME Pr\u00e9sentation de l&#8217;exposition Le rhinoc\u00e9ros a \u00e9t\u00e9 lanc\u00e9 : une histoire int\u00e9ressante de l\u2019e-sugoroku  [&hellip;]<\/p>\n","protected":false},"author":1,"featured_media":0,"parent":0,"menu_order":0,"comment_status":"closed","ping_status":"closed","template":"page-fr.php","meta":{"footnotes":""},"class_list":["post-1555","page","type-page","status-publish","hentry"],"_links":{"self":[{"href":"https:\/\/fujisawa-ukiyoekan.net\/f\/wp-json\/wp\/v2\/pages\/1555","targetHints":{"allow":["GET"]}}],"collection":[{"href":"https:\/\/fujisawa-ukiyoekan.net\/f\/wp-json\/wp\/v2\/pages"}],"about":[{"href":"https:\/\/fujisawa-ukiyoekan.net\/f\/wp-json\/wp\/v2\/types\/page"}],"author":[{"embeddable":true,"href":"https:\/\/fujisawa-ukiyoekan.net\/f\/wp-json\/wp\/v2\/users\/1"}],"replies":[{"embeddable":true,"href":"https:\/\/fujisawa-ukiyoekan.net\/f\/wp-json\/wp\/v2\/comments?post=1555"}],"version-history":[{"count":1,"href":"https:\/\/fujisawa-ukiyoekan.net\/f\/wp-json\/wp\/v2\/pages\/1555\/revisions"}],"predecessor-version":[{"id":1556,"href":"https:\/\/fujisawa-ukiyoekan.net\/f\/wp-json\/wp\/v2\/pages\/1555\/revisions\/1556"}],"wp:attachment":[{"href":"https:\/\/fujisawa-ukiyoekan.net\/f\/wp-json\/wp\/v2\/media?parent=1555"}],"curies":[{"name":"wp","href":"https:\/\/api.w.org\/{rel}","templated":true}]}}