{"id":1553,"date":"2023-11-10T14:33:57","date_gmt":"2023-11-10T05:33:57","guid":{"rendered":"https:\/\/www.fujisawa-ukiyoekan.net\/f\/?page_id=1553"},"modified":"2023-11-10T14:33:57","modified_gmt":"2023-11-10T05:33:57","slug":"collections-3-fr","status":"publish","type":"page","link":"https:\/\/fujisawa-ukiyoekan.net\/f\/collections-3-fr\/","title":{"rendered":"\u5c55\u793a\u5185\u5bb9\u7d39\u4ecb\u3000\u8526\u5c4b\u7248\u6771\u6d77\u9053\u3068\u8ffd\u5206\u9053\u306e\u6587\u5316(\u30d5\u30e9\u30f3\u30b9\u8a9e)"},"content":{"rendered":"<section id=\"top\" class=\"bc-section\">\n<div class=\"container\">\n<ol class=\"breadcrumb\">\n<li><a href=\"\/f\/home-fr\">HOME<\/a><\/li>\n<li class=\"active\">Pr\u00e9sentation de l&#8217;exposition<\/li>\n<\/ol>\n<\/div>\n<\/section>\n<section id=\"txt\" class=\"home-section\">\n<div class=\"container\">\n<div class=\"row\">\n<div class=\"txtArea\">\n<h3>La culture de Tsuta-ya-ban T\u014dkaid\u014d et Oiwake-michi : la recherche de la \u00ab perspective \u00bb par Hiroshige.<\/h3>\n<h4>Pr\u00e9sentation de l&#8217;exposition<\/h4>\n<div class=\"txtBox\">\n<p>Outre le c\u00e9l\u00e8bre \u00ab T\u014dkaid\u014d goj\u016bsan-tsugi no uchi \u00bb (commun\u00e9ment appel\u00e9 le H\u014deid\u014d du T\u014dkaid\u014d), Hiroshige a peint plus de vingt autres s\u00e9ries d\u2019estampes du T\u014dkaid\u014d, chacune avec un style diff\u00e9rent et des perspectives vari\u00e9es. Dans cette exposition, Hiroshige change la \u00ab vision \u00bb du T\u014dkaid\u014d telle qu&#8217;elle est d\u00e9crite dans la version Tsuta-ya du T\u014dkaid\u014d pour montrer le T\u014dkaid\u014d vu \u00e0 travers le passage d&#8217;Oiwake.<\/p>\n<\/div>\n<div class=\"itemArea\">\n<div class=\"itemBox muchigh col-xs-12 col-sm-4 col-md-3\" style=\"height: 351px;\">\n<h5>Coin de s\u00e9rie \u00ab Les Cinquante-trois Relais du T\u014dkaid\u014d \u00bb<\/h5>\n<p class=\"imgbox\"><img decoding=\"async\" src=\"\/f\/wp-content\/themes\/ukiyoe\/images\/collections\/PgKm2N9o_VL017_r01.jpg\" border=\"0\" alt=\"\"><\/p>\n<p>Fujisawa, from the series Fifty-three Stations of the Toukaidou (Tsutaya version)<\/p>\n<\/div>\n<div class=\"itemBox muchigh col-xs-12 col-sm-4 col-md-3\" style=\"height: 351px;\">\n<h5>Coin de l&#8217;auberge Fujisawa<\/h5>\n<p class=\"imgbox\"><img decoding=\"async\" src=\"\/f\/wp-content\/themes\/ukiyoe\/images\/collections\/9zLmBqwo_VL018_r01.jpg\" border=\"0\" alt=\"\"><\/p>\n<p>Sugoroku Board Game of Perambulating along the Toukaidou<\/p>\n<\/div>\n<div class=\"itemBox muchigh col-xs-12 col-sm-4 col-md-3\" style=\"height: 351px;\">\n<h5>Coin Enoshima<\/h5>\n<p class=\"imgbox\"><img decoding=\"async\" src=\"\/f\/wp-content\/themes\/ukiyoe\/images\/collections\/TZPST2hE_VL019_r01.jpg\" border=\"0\" alt=\"\"><\/p>\n<p>Kanaya , from the series \u201cFifty-three Pairings for the Toukaidou Highway\u201d<\/p>\n<\/div>\n<div class=\"itemBox muchigh col-xs-12 col-sm-4 col-md-3\" style=\"height: 351px;\">\n<h5>Coin des expositions sp\u00e9ciales<\/h5>\n<p class=\"imgbox\"><img decoding=\"async\" src=\"\/f\/wp-content\/themes\/ukiyoe\/images\/collections\/J6Kfnw58_VL020_r01.jpg\" border=\"0\" alt=\"\"><\/p>\n<p><ruby>\u6771\u6d77\u9053<rp>(<\/rp><rt>\u3068\u3046\u304b\u3044\u3069\u3046<\/rt><rp>)<\/rp><\/ruby><ruby>\u4e94<rp>(<\/rp><rt>\u3054<\/rt><rp>)<\/rp><\/ruby><ruby>\u5341\u56db<rp>(<\/rp><rt>\u3058\u3085\u3046\u3088\u3093<\/rt><rp>)<\/rp><\/ruby>\u3000<ruby>\u4e94\u5341\u4e09\u6b21<rp>(<\/rp><rt>\u3054\u3058\u3085\u3046\u3055\u3093\u3064\u304e<\/rt><rp>)<\/rp><\/ruby><ruby>\u5927\u5c3e<rp>(<\/rp><rt>\u305f\u3044\u3073<\/rt><rp>)<\/rp><\/ruby>\u3000<ruby>\u4eac\u90fd<rp>(<\/rp><rt>\u304d\u3087\u3046\u3068<\/rt><rp>)<\/rp><\/ruby><\/p>\n<\/div>\n<\/div>\n<p><a href=\"\/f\/archive-fr\"><button type=\"button\" class=\"btnnex\">The Exhibition Archive<\/button><\/a><\/p>\n<\/div>\n<\/div>\n<\/div>\n<\/section>\n","protected":false},"excerpt":{"rendered":"<p>HOME Pr\u00e9sentation de l&#8217;exposition La culture de Tsuta-ya-ban T\u014dkaid\u014d et Oiwake-michi : la recherche de l [&hellip;]<\/p>\n","protected":false},"author":1,"featured_media":0,"parent":0,"menu_order":0,"comment_status":"closed","ping_status":"closed","template":"page-fr.php","meta":{"footnotes":""},"class_list":["post-1553","page","type-page","status-publish","hentry"],"_links":{"self":[{"href":"https:\/\/fujisawa-ukiyoekan.net\/f\/wp-json\/wp\/v2\/pages\/1553","targetHints":{"allow":["GET"]}}],"collection":[{"href":"https:\/\/fujisawa-ukiyoekan.net\/f\/wp-json\/wp\/v2\/pages"}],"about":[{"href":"https:\/\/fujisawa-ukiyoekan.net\/f\/wp-json\/wp\/v2\/types\/page"}],"author":[{"embeddable":true,"href":"https:\/\/fujisawa-ukiyoekan.net\/f\/wp-json\/wp\/v2\/users\/1"}],"replies":[{"embeddable":true,"href":"https:\/\/fujisawa-ukiyoekan.net\/f\/wp-json\/wp\/v2\/comments?post=1553"}],"version-history":[{"count":1,"href":"https:\/\/fujisawa-ukiyoekan.net\/f\/wp-json\/wp\/v2\/pages\/1553\/revisions"}],"predecessor-version":[{"id":1554,"href":"https:\/\/fujisawa-ukiyoekan.net\/f\/wp-json\/wp\/v2\/pages\/1553\/revisions\/1554"}],"wp:attachment":[{"href":"https:\/\/fujisawa-ukiyoekan.net\/f\/wp-json\/wp\/v2\/media?parent=1553"}],"curies":[{"name":"wp","href":"https:\/\/api.w.org\/{rel}","templated":true}]}}