{"id":1551,"date":"2023-11-10T14:37:58","date_gmt":"2023-11-10T05:37:58","guid":{"rendered":"https:\/\/www.fujisawa-ukiyoekan.net\/f\/?page_id=1551"},"modified":"2023-11-10T14:37:58","modified_gmt":"2023-11-10T05:37:58","slug":"collections-2-fr","status":"publish","type":"page","link":"https:\/\/fujisawa-ukiyoekan.net\/f\/collections-2-fr\/","title":{"rendered":"\u5c55\u793a\u5185\u5bb9\u7d39\u4ecb\u3000\u307f\u308f\u305f\u3059\u7d76\u666f\u3000\u540d\u6240\u7d75\u00d7\u9ce5\u77b0\u56f3\u306e\u9b45\u529b\u3000 (\u30d5\u30e9\u30f3\u30b9\u8a9e)"},"content":{"rendered":"<section id=\"top\" class=\"bc-section\">\n<div class=\"container\">\n<ol class=\"breadcrumb\">\n<li><a href=\"\/f\/home-fr\">HOME<\/a><\/li>\n<li class=\"active\">Pr\u00e9sentation de l&#8217;exposition<\/li>\n<\/ol>\n<\/div>\n<\/section>\n<div class=\"container\">\n<div class=\"row\">\n<div class=\"txtArea\">\n<h3>\u00ab Beaut\u00e9 \u00e0 perte de vue, la magnificence du Meisho-e (litt. peinture de lieux c\u00e9l\u00e8bres) et de la perspective \u00e0 vol d\u2019oiseau \u00bb<\/h3>\n<h4>Pr\u00e9sentation de l&#8217;exposition<\/h4>\n<div class=\"txtBox\">\n<p>Exposition d\u2019\u0153uvres r\u00e9alis\u00e9es en vue \u00ab \u00e0 vol d&#8217;oiseau (ou vue plongeante) \u00bb, repr\u00e9sentant des lieux c\u00e9l\u00e8bres de la p\u00e9riode Edo (1603-1868), des cartes touristiques de la p\u00e9riode Taish\u014d (1912-1926), etc. \u00c0 l\u2019origine, la perspective \u00e0 vol d\u2019oiseau \u00e9tait utilis\u00e9e dans la majorit\u00e9 des estampes ukiyo-e, avec un point de fuite situ\u00e9 tr\u00e8s haut. Outre ces \u0153uvres en vue, le travail de divers autres artistes est \u00e9galement expos\u00e9, tels que les \u0153uvres de Yoshida Hatsusabur\u014d, peintre et cartographe de l&#8217;\u00e8re Taish\u014d principalement connu pour ses cartes panoramiques \u00e0 vol d&#8217;oiseau. D\u00e9couvrez les transformations et l\u2019\u00e9volution de la peinture meisho-e et de la cartographie au fil des \u00e9poques, de la p\u00e9riode Edo \u00e0 la p\u00e9riode Sh\u014dwa.<\/p>\n<\/div>\n<div class=\"itemArea\">\n<div class=\"itemBox muchigh col-xs-12 col-sm-4 col-md-3\">\n<h5>Coin de s\u00e9rie \u00ab Les Cinquante-trois Relais du T\u014dkaid\u014d \u00bb<\/h5>\n<p class=\"imgbox\"><img decoding=\"async\" src=\"\/f\/wp-content\/themes\/ukiyoe\/images\/collections\/IS45vboN_VL017_r01.jpg\" border=\"0\" alt=\"\"><\/p>\n<p>The Sugoroku Board Game of Travelling to the Destination of Kyoto via Pilgrimage to Ise Shrine<\/p>\n<\/div>\n<div class=\"itemBox muchigh col-xs-12 col-sm-4 col-md-3\" style=\"height: 303px;\">\n<h5>Coin de l&#8217;auberge Fujisawa<\/h5>\n<p class=\"imgbox\"><img decoding=\"async\" src=\"\/f\/wp-content\/themes\/ukiyoe\/images\/collections\/tpOAspA8_VL018_r01.jpg\" border=\"0\" alt=\"\"><\/p>\n<p>L&#8217;\u00eele d&#8217;Enoshima, de la s\u00e9rie &#8220;Les lieux c\u00e9l\u00e8bres du Toukaidou&#8221;<\/p>\n<\/div>\n<div class=\"itemBox muchigh col-xs-12 col-sm-4 col-md-3\" style=\"height: 303px;\">\n<h5>Coin Enoshima<\/h5>\n<p class=\"imgbox\"><img decoding=\"async\" src=\"\/f\/wp-content\/themes\/ukiyoe\/images\/collections\/Czg5t1F0_VL019_r01.jpg\" border=\"0\" alt=\"\"><\/p>\n<p>Guide de p\u00e8lerinage vers le mont Fuji<\/p>\n<\/div>\n<div class=\"itemBox muchigh col-xs-12 col-sm-4 col-md-3\" style=\"height: 303px;\">\n<h5>Coin des expositions sp\u00e9ciales<\/h5>\n<p class=\"imgbox\"><img decoding=\"async\" src=\"\/f\/wp-content\/themes\/ukiyoe\/images\/collections\/q4PJGRUW_VL020_r01.jpg\" border=\"0\" alt=\"\"><\/p>\n<p>Les photos des lieux touristiques de la pr\u00e9fecture de Kanagawa<\/p>\n<\/div>\n<\/div>\n<p><a href=\"\/f\/archive-fr\"><button type=\"button\" class=\"btnnex\">The Exhibition Archive<\/button><\/a><\/p>\n<\/div>\n<\/div>\n<\/div>\n","protected":false},"excerpt":{"rendered":"<p>HOME Pr\u00e9sentation de l&#8217;exposition \u00ab Beaut\u00e9 \u00e0 perte de vue, la magnificence du Meisho-e (litt. peinture d [&hellip;]<\/p>\n","protected":false},"author":1,"featured_media":0,"parent":0,"menu_order":0,"comment_status":"closed","ping_status":"closed","template":"page-fr.php","meta":{"footnotes":""},"class_list":["post-1551","page","type-page","status-publish","hentry"],"_links":{"self":[{"href":"https:\/\/fujisawa-ukiyoekan.net\/f\/wp-json\/wp\/v2\/pages\/1551","targetHints":{"allow":["GET"]}}],"collection":[{"href":"https:\/\/fujisawa-ukiyoekan.net\/f\/wp-json\/wp\/v2\/pages"}],"about":[{"href":"https:\/\/fujisawa-ukiyoekan.net\/f\/wp-json\/wp\/v2\/types\/page"}],"author":[{"embeddable":true,"href":"https:\/\/fujisawa-ukiyoekan.net\/f\/wp-json\/wp\/v2\/users\/1"}],"replies":[{"embeddable":true,"href":"https:\/\/fujisawa-ukiyoekan.net\/f\/wp-json\/wp\/v2\/comments?post=1551"}],"version-history":[{"count":2,"href":"https:\/\/fujisawa-ukiyoekan.net\/f\/wp-json\/wp\/v2\/pages\/1551\/revisions"}],"predecessor-version":[{"id":1637,"href":"https:\/\/fujisawa-ukiyoekan.net\/f\/wp-json\/wp\/v2\/pages\/1551\/revisions\/1637"}],"wp:attachment":[{"href":"https:\/\/fujisawa-ukiyoekan.net\/f\/wp-json\/wp\/v2\/media?parent=1551"}],"curies":[{"name":"wp","href":"https:\/\/api.w.org\/{rel}","templated":true}]}}