{"id":1549,"date":"2023-11-10T14:38:02","date_gmt":"2023-11-10T05:38:02","guid":{"rendered":"https:\/\/www.fujisawa-ukiyoekan.net\/f\/?page_id=1549"},"modified":"2023-11-10T14:38:02","modified_gmt":"2023-11-10T05:38:02","slug":"collections-1-fr","status":"publish","type":"page","link":"https:\/\/fujisawa-ukiyoekan.net\/f\/collections-1-fr\/","title":{"rendered":"\u5c55\u793a\u5185\u5bb9\u7d39\u4ecb\u3000\u6c5f\u306e\u5cf6\u6d6e\u4e16\u7d75\u3068\u5bcc\u58eb\u5c71 \u4f1d\u8aac\u306e\u5b9d\u5eab (\u30d5\u30e9\u30f3\u30b9\u8a9e)"},"content":{"rendered":"<section id=\"top\" class=\"bc-section\">\n<div class=\"container\">\n<ol class=\"breadcrumb\">\n<li><a href=\"\/f\/home-fr\">HOME<\/a><\/li>\n<li class=\"active\">Pr\u00e9sentation de l&#8217;exposition<\/li>\n<\/ol>\n<\/div>\n<\/section>\n<section id=\"txt\" class=\"home-section\">\n<div class=\"container\">\n<div class=\"row\">\n<div class=\"txtArea\">\n<h3>Ukiyo-e d\u2019Enoshima et la beaut\u00e9 l\u00e9gendaire du mont Fuji -Fujisawa\/Enoshima-<\/h3>\n<h4>Pr\u00e9sentation de l&#8217;exposition<\/h4>\n<div class=\"txtBox\">\nCe programme a pour objectif de faire partager au public l\u2019histoire et la culture d\u2019Enoshima \u00e0 l\u2019aide des estampes \u00ab Ukiyo-e d\u2019Enoshima \u00bb, et de pr\u00e9senter l\u2019\u00eele, sous diff\u00e9rents angles, en tant qu\u2019 \u00ab h\u00e9ritage \u00bb de la ville de Fujisawa. En parall\u00e8le, de nombreux mat\u00e9riaux d\u2019\u00e9poque et estampes repr\u00e9sentant l\u2019\u00eele d\u2019Enoshima et le mont Fuji sont \u00e9galement expos\u00e9s. Ces \u0153uvres illustrent des l\u00e9gendes selon lesquelles ils seraient reli\u00e9s par une caverne, ainsi que toutes sortes de mythes entourant la naissance d&#8217;Enoshima. De plus, vous pourrez \u00e9galement d\u00e9couvrir la l\u00e9gende de Minamoto no Yoshitsune, chef militaire de la fin de la p\u00e9riode Heian (794-1185), et son \u00e9troite relation avec la ville de Fujisawa.\n<\/div>\n<div class=\"itemArea\">\n<div class=\"itemBox muchigh col-xs-12 col-sm-4 col-md-3\" \">\n<h5>Coin de s\u00e9rie \u00ab Les Cinquante-trois Relais du T\u014dkaid\u014d \u00bb<\/h5>\n<p class=\"imgbox\"><img decoding=\"async\" src=\"\/f\/wp-content\/themes\/ukiyoe\/images\/collections\/X1cXQxhZ_VL017_r01.jpg\" border=\"0\" alt=\"\"><\/p>\n<p>Shichiri-ga-hama Beach of Sagami Province, from the series Thirty-six Views of Mt. Fuji\n<\/p><\/div>\n<div class=\"itemBox muchigh col-xs-12 col-sm-4 col-md-3\" style=\"height: 327px;\">\n<h5>Coin de l&#8217;auberge Fujisawa<\/h5>\n<p class=\"imgbox\"><img decoding=\"async\" src=\"\/f\/wp-content\/themes\/ukiyoe\/images\/collections\/aqoKaW7t_VL018_r01.jpg\" border=\"0\" alt=\"\"><\/p>\n<p>Kurou Kaja Iyo-no-kami Minamoto no Yoshitsune<\/p>\n<\/div>\n<div class=\"itemBox muchigh col-xs-12 col-sm-4 col-md-3\" style=\"height: 327px;\">\n<h5>Coin Enoshima<\/h5>\n<p class=\"imgbox\"><img decoding=\"async\" src=\"\/f\/wp-content\/themes\/ukiyoe\/images\/collections\/TdFI6pWv_VL019_r01.jpg\" border=\"0\" alt=\"\"><\/p>\n<p>of Iwaya (Sea Cave) of Enoshima Island in Sagami Province, from the series Famous Places in Sixty-odd Provinces<\/p>\n<\/div>\n<div class=\"itemBox muchigh col-xs-12 col-sm-4 col-md-3\" style=\"height: 327px;\">\n<h5>Coin des expositions sp\u00e9ciales<\/h5>\n<p class=\"imgbox\"><img decoding=\"async\" src=\"\/f\/wp-content\/themes\/ukiyoe\/images\/collections\/8Fbmx9M0_VL020_r01.jpg\" border=\"0\" alt=\"\"><\/p>\n<p>True View of Mt. Fuji<\/p>\n<\/div>\n<\/div>\n<p><a href=\"\/f\/archive-fr\"><button type=\"button\" class=\"btnnex\">The Exhibition Archive<\/button><\/a><\/p>\n<\/div>\n<\/div>\n<\/div>\n<\/section>\n","protected":false},"excerpt":{"rendered":"<p>HOME Pr\u00e9sentation de l&#8217;exposition Ukiyo-e d\u2019Enoshima et la beaut\u00e9 l\u00e9gendaire du mont Fuji -Fujisawa\/Enos [&hellip;]<\/p>\n","protected":false},"author":1,"featured_media":0,"parent":0,"menu_order":0,"comment_status":"closed","ping_status":"closed","template":"page-fr.php","meta":{"footnotes":""},"class_list":["post-1549","page","type-page","status-publish","hentry"],"_links":{"self":[{"href":"https:\/\/fujisawa-ukiyoekan.net\/f\/wp-json\/wp\/v2\/pages\/1549","targetHints":{"allow":["GET"]}}],"collection":[{"href":"https:\/\/fujisawa-ukiyoekan.net\/f\/wp-json\/wp\/v2\/pages"}],"about":[{"href":"https:\/\/fujisawa-ukiyoekan.net\/f\/wp-json\/wp\/v2\/types\/page"}],"author":[{"embeddable":true,"href":"https:\/\/fujisawa-ukiyoekan.net\/f\/wp-json\/wp\/v2\/users\/1"}],"replies":[{"embeddable":true,"href":"https:\/\/fujisawa-ukiyoekan.net\/f\/wp-json\/wp\/v2\/comments?post=1549"}],"version-history":[{"count":3,"href":"https:\/\/fujisawa-ukiyoekan.net\/f\/wp-json\/wp\/v2\/pages\/1549\/revisions"}],"predecessor-version":[{"id":1636,"href":"https:\/\/fujisawa-ukiyoekan.net\/f\/wp-json\/wp\/v2\/pages\/1549\/revisions\/1636"}],"wp:attachment":[{"href":"https:\/\/fujisawa-ukiyoekan.net\/f\/wp-json\/wp\/v2\/media?parent=1549"}],"curies":[{"name":"wp","href":"https:\/\/api.w.org\/{rel}","templated":true}]}}