{"id":1473,"date":"2023-11-10T14:36:43","date_gmt":"2023-11-10T05:36:43","guid":{"rendered":"https:\/\/www.fujisawa-ukiyoekan.net\/f\/?page_id=1473"},"modified":"2026-03-05T16:55:54","modified_gmt":"2026-03-05T07:55:54","slug":"archive-pt","status":"publish","type":"page","link":"https:\/\/fujisawa-ukiyoekan.net\/f\/archive-pt\/","title":{"rendered":"\u904e\u53bb\u306e\u5c55\u793a\u4f1a\u5185\u5bb9\u7d39\u4ecb\uff08\u30dd\u30eb\u30c8\u30ac\u30eb\u8a9e\uff09"},"content":{"rendered":"<section id=\"top\" class=\"bc-section\">\n<div class=\"container\">\n<ol class=\"breadcrumb\">\n<li><a href=\"\/f\/home-pt\">HOME<\/a><\/li>\n<li class=\"active\">The Exhibition Archive<\/li>\n<\/ol>\n<\/div>\n<\/section>\n<section id=\"txt\" class=\"home-section\">\n<div class=\"container\">\n<div class=\"row\">\n<div class=\"txtArea\">\n<h3>The Exhibition Archive<\/h3>\n<div class=\"archiveImage\">\n<ul>\n<li>\n            <a href=\"\/f\/collections-23-pt\"><\/p>\n<h4><span>Ukiyo-e Sugoroku: THE WORLD<\/span><\/h4>\n<p class=\"image\"><img decoding=\"async\" src=\"\/resources\/material-None\/image-1_fcl82eb.jpg\" alt=\"\"><\/p>\n<p class=\"date\">dezembro 25, 2025 &#8211; fevereiro 23, 2026<\/p>\n<p>            <\/a><\/li>\n<li>\n            <a href=\"\/f\/collections-22-pt\"><\/p>\n<h4><span>A chegada do Navio Negro \u2013 Ukiyo-e do final do xogunato at\u00e9 a era Meiji<\/span><\/h4>\n<p class=\"image\"><img decoding=\"async\" src=\"\/resources\/material-None\/image-1_yHDMNvy.jpg\" alt=\"\"><\/p>\n<p class=\"date\">novembro 12, 2025 &#8211; dezembro 14, 2025<\/p>\n<p>            <\/a><\/li>\n<li>\n            <a href=\"\/f\/collections-21-pt\"><\/p>\n<h4><span>Ukiyo-e, mapas ilustrados e cartogr\u00e1ficos \u2013 Fujisawa retratada do per\u00edodo Edo \u00e0 era moderna<\/span><\/h4>\n<p class=\"image\"><img decoding=\"async\" src=\"\/resources\/i\/materials\/220\/resources\/uki10454.jpg\" alt=\"\"><\/p>\n<p class=\"date\">setembro 23, 2025 &#8211; novembro 3, 2025<\/p>\n<p>            <\/a><\/li>\n<li>\n            <a href=\"\/f\/collections-20-pt\"><\/p>\n<h4><span>Atrav\u00e9s do ukiyo-e: o ponto de parada de Fujisawa e o caminho de Enoshima \u2013 Hist\u00f3ria de peregrina\u00e7\u00e3o e turismo<\/span><\/h4>\n<p class=\"image\"><img decoding=\"async\" src=\"\/resources\/i\/materials\/220\/resources\/c8DJCDFV.jpg\" alt=\"\"><\/p>\n<p class=\"date\">julho 18, 2025 &#8211; setembro 15, 2025<\/p>\n<p>            <\/a><\/li>\n<li>\n            <a href=\"\/f\/collections-19-pt\"><\/p>\n<h4><span>T\u014dkaid\u014dch\u016b Hizakurige \u2013 Os comediantes de Edo Yaji-san e Kita-san<\/span><\/h4>\n<p class=\"image\"><img decoding=\"async\" src=\"\/resources\/i\/materials\/220\/resources\/DiqmZWMP.jpg\" alt=\"\"><\/p>\n<p class=\"date\">maio 17, 2025 &#8211; julho 6, 2025<\/p>\n<p>            <\/a><\/li>\n<li>\n            <a href=\"\/f\/collections-18-pt\"><\/p>\n<h4><span>Tra\u00e7ar o panorama a estrada de T\u014dkaid\u014d e Fujisawa durante o per\u00edodo Meiji com ukiyo-e: Os Principais Pontos da Estrada T\u014dkaid\u014d da Era Meiji<\/span><\/h4>\n<p class=\"image\"><img decoding=\"async\" src=\"\/resources\/i\/materials\/220\/resources\/uki10522.jpg\" alt=\"\"><\/p>\n<p class=\"date\">mar\u00e7o 4, 2025 &#8211; maio 6, 2025<\/p>\n<p>            <\/a><\/li>\n<li>\n            <a href=\"\/f\/collections-17-pt\"><\/p>\n<h4><span>Fujisawa e cen\u00e1rio da ind\u00fastria editorial na cidade de Edo &#8211; o Tsutaya J\u016bzabur\u014d e os pintores &#8211; <\/span><\/h4>\n<p class=\"image\"><img decoding=\"async\" src=\"\/resources\/i\/materials\/220\/resources\/Kz8ga3nX.jpg\" alt=\"\"><\/p>\n<p class=\"date\">dezembro 24, 2024 &#8211; fevereiro 24, 2025<\/p>\n<p>            <\/a><\/li>\n<li>\n            <a href=\"\/f\/collections-16-pt\"><\/p>\n<h4><span>Divindades de Edo: Deusas dos Mares, \u00c1guas, a Fortuna, a Riqueza e Acala<\/span><\/h4>\n<p class=\"image\"><img decoding=\"async\" src=\"\/resources\/i\/materials\/220\/resources\/uki10031.jpg\" alt=\"\"><\/p>\n<p class=\"date\">novembro 13, 2024 &#8211; dezembro 15, 2024<\/p>\n<p>            <\/a><\/li>\n<li>\n            <a href=\"\/f\/collections-15-pt\"><\/p>\n<h4><span>Os artistas da segunda gera\u00e7\u00e3o e a hist\u00f3ria dos pintores sucessores do nome dos mestres Utamaro II\u30fbToyokuni II\u30fbHiroshige II\u30fbKunisada II<\/span><\/h4>\n<p class=\"image\"><img decoding=\"async\" src=\"\/resources\/i\/materials\/220\/resources\/uki10460.jpg\" alt=\"\"><\/p>\n<p class=\"date\">setembro 14, 2024 &#8211; novembro 4, 2024<\/p>\n<p>            <\/a><\/li>\n<li>\n            <a href=\"\/f\/collections-14-pt\"><\/p>\n<h4><span>Ferramentas usadas naqueles tempos atrav\u00e9s do ukiyo-e Vida, agricultura, viagem e lembrancinhas<br \/>\n<\/span><\/h4>\n<p class=\"image\"><img decoding=\"async\" src=\"\/resources\/i\/materials\/220\/resources\/uki10337.jpg\" alt=\"\"><\/p>\n<p class=\"date\">julho 13, 2024 &#8211; setembro 8, 2024<\/p>\n<p>            <\/a><\/li>\n<li>\n            <a href=\"\/f\/collections-13-pt\"><\/p>\n<h4><span>Retratos de Atores de Kabuki na Estrada de T\u014dkaid\u014d pelo Utagawa Kunisada (Toyokuni III) Tra\u00e7os de atores de kabuki<br \/>\n<\/span><\/h4>\n<p class=\"image\"><img decoding=\"async\" src=\"\/resources\/i\/materials\/220\/resources\/6VFkWJes.jpg\" alt=\"\"><\/p>\n<p class=\"date\">maio 25, 2024 &#8211; julho 3, 2024<\/p>\n<p>            <\/a><\/li>\n<li>\n            <a href=\"\/f\/collections-12-pt\"><\/p>\n<h4><span>Esta\u00e7\u00f5es do ano vistas pelas personagens de Hiroshige: neve em Fujisawa<br \/>\n<\/span><\/h4>\n<p class=\"image\"><img decoding=\"async\" src=\"\/resources\/i\/materials\/220\/resources\/uki10159.jpg\" alt=\"\"><\/p>\n<p class=\"date\">mar\u00e7o 5, 2024 &#8211; maio 6, 2024<\/p>\n<p>            <\/a><\/li>\n<li>\n            <a href=\"\/f\/collections-11-pt\"><\/p>\n<h4><span>Hokusai e seus disc\u00edpulos em Fujisawa e Enoshima<\/span><\/h4>\n<p class=\"image\"><img decoding=\"async\" src=\"\/resources\/i\/materials\/220\/resources\/uki10087.jpg\" alt=\"\"><\/p>\n<p class=\"date\">dezembro 26, 2023 &#8211; fevereiro 25, 2024<\/p>\n<p>            <\/a><\/li>\n<li>\n            <a href=\"\/f\/collections-10-pt\"><\/p>\n<h4><span>Por que Chushingura?: o her\u00f3i de Fujisawa Oguri Hangan e o teatro Edo Kabuki<\/span><\/h4>\n<p class=\"image\"><img decoding=\"async\" src=\"\/resources\/i\/materials\/220\/resources\/uki10333.jpg\" alt=\"\"><\/p>\n<p class=\"date\">novembro 14, 2023 &#8211; dezembro 17, 2023<\/p>\n<p>            <\/a><\/li>\n<li>\n            <a href=\"\/f\/collections-9-pt\"><\/p>\n<h4><span>Outra Toukaidou: representa\u00e7\u00f5es diversas e incomuns de Toukaidou<\/span><\/h4>\n<p class=\"image\"><img decoding=\"async\" src=\"\/f\/wp-content\/uploads\/2023\/11\/uki10147.jpg \" alt=\"\"><\/p>\n<p class=\"date\">September 12, 2023 &#8211; November 5, 2023<\/p>\n<p>            <\/a><\/li>\n<li>\n            <a href=\"\/f\/collections-1-pt\"><\/p>\n<h4><span>Ukiyo-e de Enoshima e Monte Fuji: O lend\u00e1rio tesouro \u201cFujisawa e Enoshima\u201d<\/span><\/h4>\n<p class=\"image\"><img decoding=\"async\" src=\"\/f\/wp-content\/themes\/ukiyoe\/images\/collections\/t740H2gv_VL016_r02.jpg\" alt=\"\"><\/p>\n<p class=\"date\">July 11, 2023 &#8211; September 3, 2023<\/p>\n<p>            <\/a><\/li>\n<li>\n            <a href=\"\/f\/collections-2-pt\"><\/p>\n<h4><span>Paisagens soberbas: encantos das pinturas de locais famosos e do Choukanzu<\/span><\/h4>\n<p class=\"image\"><img decoding=\"async\" src=\"\/f\/wp-content\/themes\/ukiyoe\/images\/collections\/yfOTxEYb_VL016_r02.jpg\" alt=\"\"><\/p>\n<p class=\"date\">April 29, 2023 &#8211; July 2, 2023<\/p>\n<p>            <\/a><\/li>\n<li>\n            <a href=\"\/f\/collections-3-pt\"><\/p>\n<h4><span>A cultura de Tokaido Tsutaya-ban e Oiwakemichi \u2013 A busca de Hiroshige<\/span><\/h4>\n<p class=\"image\"><img decoding=\"async\" src=\"\/f\/wp-content\/themes\/ukiyoe\/images\/collections\/NYxa0APs_VL016_r02.jpg\" alt=\"\"><\/p>\n<p class=\"date\">March 7, 2023 &#8211; April 23, 2023<\/p>\n<p>            <\/a><\/li>\n<li>\n            <a href=\"\/f\/collections-4-pt\"><\/p>\n<h4><span>O lan\u00e7amento do rinoceronte: uma interessante hist\u00f3ria da pintura Sugoroku de Edo<\/span><\/h4>\n<p class=\"image\"><img decoding=\"async\" src=\"\/f\/wp-content\/themes\/ukiyoe\/images\/collections\/E0NztmRH_VL016_r02.jpg\" alt=\"\"><\/p>\n<p class=\"date\">December 13, 2022 &#8211; February 26, 2023<\/p>\n<p>            <\/a><\/li>\n<li>\n            <a href=\"\/f\/collections-5-pt\"><\/p>\n<h4><span>Kisai Rissho, um pintor conhecido como Hiroshige II<\/span><\/h4>\n<p class=\"image\"><img decoding=\"async\" src=\"\/f\/wp-content\/themes\/ukiyoe\/images\/collections\/mu741IAa_VL016_r02.jpg\" alt=\"\"><\/p>\n<p class=\"date\">November 3, 2022 &#8211; December 4, 2022<\/p>\n<p>            <\/a><\/li>\n<li class=\"is-hidden\">\n            <a href=\"\/f\/collections-6-pt\"><\/p>\n<h4><span>Ukiyo-e e cart\u00f5es postais de Kanagawa e Tokaido<\/span><\/h4>\n<p class=\"image\"><img decoding=\"async\" src=\"\/f\/wp-content\/themes\/ukiyoe\/images\/collections\/pw3ywQYl_VL016_r02.jpg\" alt=\"\"><\/p>\n<p class=\"date\">September 13, 2022 &#8211; October 27, 2022<\/p>\n<p>            <\/a><\/li>\n<li class=\"is-hidden\">\n            <a href=\"\/f\/collections-7-pt\"><\/p>\n<h4><span>FUJISAWA LEGACY ENOSHIMA UKIYO-E<br \/>\nAs peregrina\u00e7\u00f5es em Enoshima e a hist\u00f3ria do culto a Sarasvati em pinturas do ukiyo-e<br \/>\n<\/span><\/h4>\n<p class=\"image\"><img decoding=\"async\" src=\"\/f\/wp-content\/themes\/ukiyoe\/images\/collections\/Ct1b9dhU_VL016_r02.jpg\" alt=\"\"><\/p>\n<p class=\"date\">July 5, 2022 &#8211; September 4, 2022<\/p>\n<p>            <\/a><\/li>\n<li class=\"is-hidden\">\n            <a href=\"\/f\/collections-8-pt\"><\/p>\n<h4><span>A conex\u00e3o entre Kunisada e Hiroshige nas paisagens de Bijin Tokaido<\/span><\/h4>\n<p class=\"image\"><img decoding=\"async\" src=\"\/f\/wp-content\/themes\/ukiyoe\/images\/collections\/vSRHpfkQ_VL016_r02.jpg\" alt=\"\"><\/p>\n<p class=\"date\">April 26, 2022 &#8211; June 26, 2022<\/p>\n<p>            <\/a><\/li>\n<\/ul>\n<p class=\"moreButton\">More<\/p>\n<\/div>\n<\/div>\n<p><!-- \/txtArea --><\/p>\n<\/div>\n<p><!-- \/row --><\/p>\n<\/div>\n<p><!-- \/container --><\/p>\n<\/section>\n","protected":false},"excerpt":{"rendered":"<p>HOME The Exhibition Archive The Exhibition Archive Ukiyo-e Sugoroku: THE WORLD dezembro 25, 2025 &#8211; fever [&hellip;]<\/p>\n","protected":false},"author":1,"featured_media":0,"parent":0,"menu_order":0,"comment_status":"closed","ping_status":"closed","template":"page-pt.php","meta":{"footnotes":""},"class_list":["post-1473","page","type-page","status-publish","hentry"],"_links":{"self":[{"href":"https:\/\/fujisawa-ukiyoekan.net\/f\/wp-json\/wp\/v2\/pages\/1473","targetHints":{"allow":["GET"]}}],"collection":[{"href":"https:\/\/fujisawa-ukiyoekan.net\/f\/wp-json\/wp\/v2\/pages"}],"about":[{"href":"https:\/\/fujisawa-ukiyoekan.net\/f\/wp-json\/wp\/v2\/types\/page"}],"author":[{"embeddable":true,"href":"https:\/\/fujisawa-ukiyoekan.net\/f\/wp-json\/wp\/v2\/users\/1"}],"replies":[{"embeddable":true,"href":"https:\/\/fujisawa-ukiyoekan.net\/f\/wp-json\/wp\/v2\/comments?post=1473"}],"version-history":[{"count":18,"href":"https:\/\/fujisawa-ukiyoekan.net\/f\/wp-json\/wp\/v2\/pages\/1473\/revisions"}],"predecessor-version":[{"id":4181,"href":"https:\/\/fujisawa-ukiyoekan.net\/f\/wp-json\/wp\/v2\/pages\/1473\/revisions\/4181"}],"wp:attachment":[{"href":"https:\/\/fujisawa-ukiyoekan.net\/f\/wp-json\/wp\/v2\/media?parent=1473"}],"curies":[{"name":"wp","href":"https:\/\/api.w.org\/{rel}","templated":true}]}}