{"id":1471,"date":"2023-11-10T14:36:50","date_gmt":"2023-11-10T05:36:50","guid":{"rendered":"https:\/\/www.fujisawa-ukiyoekan.net\/f\/?page_id=1471"},"modified":"2026-03-05T16:55:26","modified_gmt":"2026-03-05T07:55:26","slug":"archive-es","status":"publish","type":"page","link":"https:\/\/fujisawa-ukiyoekan.net\/f\/archive-es\/","title":{"rendered":"\u904e\u53bb\u306e\u5c55\u793a\u4f1a\u5185\u5bb9\u7d39\u4ecb\uff08\u30b9\u30da\u30a4\u30f3\u8a9e\uff09"},"content":{"rendered":"<section id=\"top\" class=\"bc-section\">\n<div class=\"container\">\n<ol class=\"breadcrumb\">\n<li><a href=\"\/f\/home-es\">HOME<\/a><\/li>\n<li class=\"active\">The Exhibition Archive<\/li>\n<\/ol>\n<\/div>\n<\/section>\n<section id=\"txt\" class=\"home-section\">\n<div class=\"container\">\n<div class=\"row\">\n<div class=\"txtArea\">\n<h3>The Exhibition Archive<\/h3>\n<div class=\"archiveImage\">\n<ul>\n<li>\n            <a href=\"\/f\/collections-23-es\"><\/p>\n<h4><span>Juego de tablero sugoroku con ukiyo-e, El Mundo<\/span><\/h4>\n<p class=\"image\"><img decoding=\"async\" src=\"\/resources\/material-None\/image-1_fcl82eb.jpg\" alt=\"\"><\/p>\n<p class=\"date\"> Diciembre 25, 2025 &#8211; Febrero 23, 2026<\/p>\n<p>            <\/a><\/li>\n<li>\n            <a href=\"\/f\/collections-22-es\"><\/p>\n<h4><span>Ukiyo-e, ezu y mapa, Fujisawa ilustrada desde el per\u00edodo Edo hasta la edad contempor\u00e1nea<\/span><\/h4>\n<p class=\"image\"><img decoding=\"async\" src=\"\/resources\/material-None\/image-1_yHDMNvy.jpg\" alt=\"\"><\/p>\n<p class=\"date\">Noviembre 12, 2025 &#8211; Diciembre 14, 2025<\/p>\n<p>            <\/a><\/li>\n<li>\n            <a href=\"\/f\/collections-21-es\"><\/p>\n<h4><span>Llegada de los Barcos Negros: Ukiyo-e a finales del shogunato y en la era Meiji<\/span><\/h4>\n<p class=\"image\"><img decoding=\"async\" src=\"\/resources\/i\/materials\/220\/resources\/uki10454.jpg\" alt=\"\"><\/p>\n<p class=\"date\">Septiembre 23, 2025 &#8211; Noviembre 3, 2025<\/p>\n<p>            <\/a><\/li>\n<li>\n            <a href=\"\/f\/collections-20-es\"><\/p>\n<h4><span>La estaci\u00f3n de Fujisawa y el camino a la isla Enoshima visitando a trav\u00e9s de ukiyo-e, Historia de la peregrinaci\u00f3n y el turismo<\/span><\/h4>\n<p class=\"image\"><img decoding=\"async\" src=\"\/resources\/i\/materials\/220\/resources\/c8DJCDFV.jpg\" alt=\"\"><\/p>\n<p class=\"date\">Julio 18, 2025 &#8211; Septiembre 15, 2025<\/p>\n<p>            <\/a><\/li>\n<li>\n            <a href=\"\/f\/collections-19-es\"><\/p>\n<h4><span>T\u014dkaid\u014dch\u016b Hizakurige, Los comediantes de Edo, Yaji-san y Kita-san<\/span><\/h4>\n<p class=\"image\"><img decoding=\"async\" src=\"\/resources\/i\/materials\/220\/resources\/DiqmZWMP.jpg\" alt=\"\"><\/p>\n<p class=\"date\">Mayo 17, 2025 &#8211; Julio 6, 2025<\/p>\n<p>            <\/a><\/li>\n<li>\n            <a href=\"\/f\/collections-18-es\"><\/p>\n<h4><span>T\u014dkai Meisho Kaisei D\u014dch\u016bki (Gu\u00eda de Sitios C\u00e9lebres en la v\u00eda de T\u014dkai): Ukiyo-e de la era Meiji sobre la v\u00eda de T\u014dkaid\u014d y Fujisawa<\/span><\/h4>\n<p class=\"image\"><img decoding=\"async\" src=\"\/resources\/i\/materials\/220\/resources\/uki10522.jpg\" alt=\"\"><\/p>\n<p class=\"date\">Marzo 4, 2025 &#8211; Mayo 6, 2025<\/p>\n<p>            <\/a><\/li>\n<li>\n            <a href=\"\/f\/collections-17-es\"><\/p>\n<h4><span>El statu quo de la imprenta de grabados en Fujisawa y Edo &#8211; Tsutaya J\u016bzabur\u014d y los pintores de la \u00e9poca &#8211; <\/span><\/h4>\n<p class=\"image\"><img decoding=\"async\" src=\"\/resources\/i\/materials\/220\/resources\/Kz8ga3nX.jpg\" alt=\"\"><\/p>\n<p class=\"date\">Diciembre 24, 2024 &#8211; Febrero 24, 2025<\/p>\n<p>            <\/a><\/li>\n<li>\n            <a href=\"\/f\/collections-16-es\"><\/p>\n<h4><span>Las deidades veneradas en el per\u00edodo Edo: Benzaiten y Fud\u014d My\u014d-\u014d<\/span><\/h4>\n<p class=\"image\"><img decoding=\"async\" src=\"\/resources\/i\/materials\/220\/resources\/uki10031.jpg\" alt=\"\"><\/p>\n<p class=\"date\">Noviembre 13, 2024 &#8211; Diciembre 15, 2024<\/p>\n<p>            <\/a><\/li>\n<li>\n            <a href=\"\/f\/collections-15-es\"><\/p>\n<h4><span>Montaje con la historia de la segunda generaci\u00f3n de grandes maestros pict\u00f3ricos herederos de los nombres art\u00edsticos de Utamaro, Toyokuni, Hiroshige y Kunisada<\/span><\/h4>\n<p class=\"image\"><img decoding=\"async\" src=\"\/resources\/i\/materials\/220\/resources\/uki10460.jpg\" alt=\"\"><\/p>\n<p class=\"date\">Septiembre 14, 2024 &#8211; Noviembre 4, 2024<\/p>\n<p>            <\/a><\/li>\n<li>\n            <a href=\"\/f\/collections-14-es\"><\/p>\n<h4><span>Ukiyo-e y las herramientas de anta\u00f1o usadas en la vida cotidiana, la agricultura, los viajes y la elaboraci\u00f3n de souvenirs<\/span><\/h4>\n<p class=\"image\"><img decoding=\"async\" src=\"\/resources\/i\/materials\/220\/resources\/uki10337.jpg\" alt=\"\"><\/p>\n<p class=\"date\">Julio 13, 2024 &#8211; Septiembre 8, 2024<\/p>\n<p>            <\/a><\/li>\n<li>\n            <a href=\"\/f\/collections-13-es\"><\/p>\n<h4><span>Serie de retratos de actores de Kabuki en la v\u00eda de T\u014dkaid\u014d, por Utagawa Kunisada (3er Maestro Toyokuni)<\/span><\/h4>\n<p class=\"image\"><img decoding=\"async\" src=\"\/resources\/i\/materials\/220\/resources\/6VFkWJes.jpg\" alt=\"\"><\/p>\n<p class=\"date\">Mayo 25, 2024 &#8211; Julio 3, 2024<\/p>\n<p>            <\/a><\/li>\n<li>\n            <a href=\"\/f\/collections-12-es\"><\/p>\n<h4><span>Las estaciones del a\u00f1o vistas en la serie Jinbutsu Toukaidou de Hiroshige: Cae la nieve en Fujisawa<\/span><\/h4>\n<p class=\"image\"><img decoding=\"async\" src=\"\/resources\/i\/materials\/220\/resources\/uki10159.jpg\" alt=\"\"><\/p>\n<p class=\"date\">Marzo 5, 2024 &#8211; Mayo 6, 2024<\/p>\n<p>            <\/a><\/li>\n<li>\n            <a href=\"\/f\/collections-11-es\"><\/p>\n<h4><span>Fujisawa y Enosima de Hokusai y sus disc\u00edpulos<\/span><\/h4>\n<p class=\"image\"><img decoding=\"async\" src=\"\/resources\/i\/materials\/220\/resources\/uki10087.jpg\" alt=\"\"><\/p>\n<p class=\"date\">Diciembre 26, 2023 &#8211; Febrero 25, 2024<\/p>\n<p>            <\/a><\/li>\n<li>\n            <a href=\"\/f\/collections-10-es\"><\/p>\n<h4><span>\u00bfPor qu\u00e9 Chushingura?: Oguri Hangan, el h\u00e9roe de Fujisawa, y el kabuki de Edo<\/span><\/h4>\n<p class=\"image\"><img decoding=\"async\" src=\"\/resources\/i\/materials\/220\/resources\/uki10333.jpg\" alt=\"\"><\/p>\n<p class=\"date\">Noviembre 14, 2023 &#8211; Diciembre 17, 2023<\/p>\n<p>            <\/a><\/li>\n<li>\n            <a href=\"\/f\/collections-9-es\"><\/p>\n<h4><span>Otro Toukaidou: C\u00f3mo ilustrar la carretera Toukaidou de manera diversa y anormal<\/span><\/h4>\n<p class=\"image\"><img decoding=\"async\" src=\"\/f\/wp-content\/uploads\/2023\/11\/uki10147.jpg \" alt=\"\"><\/p>\n<p class=\"date\">Septiembre 12, 2023 &#8211; Noviembre 5, 2023<\/p>\n<p>            <\/a><\/li>\n<li>\n            <a href=\"\/f\/collections-1-es\"><\/p>\n<h4><span>Ukiyo-e de Enosima y el Monte Fuji: El arca de las leyendas, \u201cFujisawa y Enosima\u201d<\/span><\/h4>\n<p class=\"image\"><img decoding=\"async\" src=\"\/f\/wp-content\/themes\/ukiyoe\/images\/collections\/t740H2gv_VL016_r02.jpg\" alt=\"\"><\/p>\n<p class=\"date\">Julio 11, 2023 &#8211; Septiembre 3, 2023<\/p>\n<p>            <\/a><\/li>\n<li>\n            <a href=\"\/f\/collections-2-es\"><\/p>\n<h4><span>Una vista panor\u00e1mica espectacular: Los encantos de la pintura de lugares famosos y la pintura a vista de p\u00e1jaro<\/span><\/h4>\n<p class=\"image\"><img decoding=\"async\" src=\"\/f\/wp-content\/themes\/ukiyoe\/images\/collections\/yfOTxEYb_VL016_r02.jpg\" alt=\"\"><\/p>\n<p class=\"date\">Abril 29, 2023 &#8211; Julio 2, 2023<\/p>\n<p>            <\/a><\/li>\n<li>\n            <a href=\"\/f\/collections-3-es\"><\/p>\n<h4><span>La cultura de la ruta Tokaido publicada por Tsutaya y sus cruces &#8211; La persecuci\u00f3n del \u00e1ngulo visual de Hiroshige<\/span><\/h4>\n<p class=\"image\"><img decoding=\"async\" src=\"\/f\/wp-content\/themes\/ukiyoe\/images\/collections\/NYxa0APs_VL016_r02.jpg\" alt=\"\"><\/p>\n<p class=\"date\">Marzo 7, 2023 &#8211; Abril 23, 2023<\/p>\n<p>            <\/a><\/li>\n<li>\n            <a href=\"\/f\/collections-4-es\"><\/p>\n<h4><span>La interesante historia del juego de mesa Sugoruku tra\u00edda por los dados<\/span><\/h4>\n<p class=\"image\"><img decoding=\"async\" src=\"\/f\/wp-content\/themes\/ukiyoe\/images\/collections\/E0NztmRH_VL016_r02.jpg\" alt=\"\"><\/p>\n<p class=\"date\">Diciembre 13, 2022 &#8211; Febrero 26, 2023<\/p>\n<p>            <\/a><\/li>\n<li>\n            <a href=\"\/f\/collections-5-es\"><\/p>\n<h4><span>El maestro de ukiyo-e conocido como Kisai Risho, Hiroshige II<\/span><\/h4>\n<p class=\"image\"><img decoding=\"async\" src=\"\/f\/wp-content\/themes\/ukiyoe\/images\/collections\/mu741IAa_VL016_r02.jpg\" alt=\"\"><\/p>\n<p class=\"date\">Noviembre 3, 2022 &#8211; Diciembre 4, 2022<\/p>\n<p>            <\/a><\/li>\n<li class=\"is-hidden\">\n            <a href=\"\/f\/collections-6-es\"><\/p>\n<h4><span>La prefectura de Kanagawa y la ruta Tokaido presentes en las estampas ukiyo-e y las postales<\/span><\/h4>\n<p class=\"image\"><img decoding=\"async\" src=\"\/f\/wp-content\/themes\/ukiyoe\/images\/collections\/pw3ywQYl_VL016_r02.jpg\" alt=\"\"><\/p>\n<p class=\"date\">Septiembre 13, 2022 &#8211; Octubre 27, 2022<\/p>\n<p>            <\/a><\/li>\n<li class=\"is-hidden\">\n            <a href=\"\/f\/collections-7-es\"><\/p>\n<h4><span>FUJISAWA LEGACY ENOSHIMA UKIYO-E<br \/>\nHistoria de la peregrinaci\u00f3n a la isla de Enoshima y el culto religioso a la diosa Benzai-ten representado en las estampas ukiyo-e<br \/>\n<\/span><\/h4>\n<p class=\"image\"><img decoding=\"async\" src=\"\/f\/wp-content\/themes\/ukiyoe\/images\/collections\/Ct1b9dhU_VL016_r02.jpg\" alt=\"\"><\/p>\n<p class=\"date\">Julio 5, 2022 &#8211; Septiembre 4, 2022<\/p>\n<p>            <\/a><\/li>\n<li class=\"is-hidden\">\n            <a href=\"\/f\/collections-8-es\"><\/p>\n<h4><span>El v\u00ednculo entre Kunisada e Hiroshige que se aprecia en las vistas de la colecci\u00f3n de mujeres hermosas de la ruta Tokaido<\/span><\/h4>\n<p class=\"image\"><img decoding=\"async\" src=\"\/f\/wp-content\/themes\/ukiyoe\/images\/collections\/vSRHpfkQ_VL016_r02.jpg\" alt=\"\"><\/p>\n<p class=\"date\">Abril 26, 2022 &#8211; Junio 26, 2022<\/p>\n<p>            <\/a><\/li>\n<\/ul>\n<p class=\"moreButton\">More<\/p>\n<\/div>\n<\/div>\n<p><!-- \/txtArea --><\/p>\n<\/div>\n<p><!-- \/row --><\/p>\n<\/div>\n<p><!-- \/container --><\/p>\n<\/section>\n","protected":false},"excerpt":{"rendered":"<p>HOME The Exhibition Archive The Exhibition Archive Juego de tablero sugoroku con ukiyo-e, El Mundo Diciembre 2 [&hellip;]<\/p>\n","protected":false},"author":1,"featured_media":0,"parent":0,"menu_order":0,"comment_status":"closed","ping_status":"closed","template":"page-es.php","meta":{"footnotes":""},"class_list":["post-1471","page","type-page","status-publish","hentry"],"_links":{"self":[{"href":"https:\/\/fujisawa-ukiyoekan.net\/f\/wp-json\/wp\/v2\/pages\/1471","targetHints":{"allow":["GET"]}}],"collection":[{"href":"https:\/\/fujisawa-ukiyoekan.net\/f\/wp-json\/wp\/v2\/pages"}],"about":[{"href":"https:\/\/fujisawa-ukiyoekan.net\/f\/wp-json\/wp\/v2\/types\/page"}],"author":[{"embeddable":true,"href":"https:\/\/fujisawa-ukiyoekan.net\/f\/wp-json\/wp\/v2\/users\/1"}],"replies":[{"embeddable":true,"href":"https:\/\/fujisawa-ukiyoekan.net\/f\/wp-json\/wp\/v2\/comments?post=1471"}],"version-history":[{"count":22,"href":"https:\/\/fujisawa-ukiyoekan.net\/f\/wp-json\/wp\/v2\/pages\/1471\/revisions"}],"predecessor-version":[{"id":4180,"href":"https:\/\/fujisawa-ukiyoekan.net\/f\/wp-json\/wp\/v2\/pages\/1471\/revisions\/4180"}],"wp:attachment":[{"href":"https:\/\/fujisawa-ukiyoekan.net\/f\/wp-json\/wp\/v2\/media?parent=1471"}],"curies":[{"name":"wp","href":"https:\/\/api.w.org\/{rel}","templated":true}]}}