{"id":1469,"date":"2023-11-10T14:38:27","date_gmt":"2023-11-10T05:38:27","guid":{"rendered":"https:\/\/www.fujisawa-ukiyoekan.net\/f\/?page_id=1469"},"modified":"2026-03-05T16:54:54","modified_gmt":"2026-03-05T07:54:54","slug":"archive-fr","status":"publish","type":"page","link":"https:\/\/fujisawa-ukiyoekan.net\/f\/archive-fr\/","title":{"rendered":"\u904e\u53bb\u306e\u5c55\u793a\u4f1a\u5185\u5bb9\u7d39\u4ecb\uff08\u30d5\u30e9\u30f3\u30b9\u8a9e\uff09"},"content":{"rendered":"<section id=\"top\" class=\"bc-section\">\n<div class=\"container\">\n<ol class=\"breadcrumb\">\n<li><a href=\"\/f\/home-fr\">HOME<\/a><\/li>\n<li class=\"active\">The Exhibition Archive<\/li>\n<\/ol>\n<\/div>\n<\/section>\n<section id=\"txt\" class=\"home-section\">\n<div class=\"container\">\n<div class=\"row\">\n<div class=\"txtArea\">\n<h3>The Exhibition Archive<\/h3>\n<div class=\"archiveImage\">\n<ul>\n<li>\n            <a href=\"\/f\/collections-23-fr\"><\/p>\n<h4><span>Sugoroku Ukiyo-e \u00ab THE WORLD \u00bb<\/span><\/h4>\n<p class=\"image\"><img decoding=\"async\" src=\"\/resources\/material-None\/image-1_fcl82eb.jpg\" alt=\"\"><\/p>\n<p class=\"date\"> D\u00e9cembre 25, 2025 &#8211; F\u00e9vrier 23, 2026<\/p>\n<p>            <\/a><\/li>\n<li>\n            <a href=\"\/f\/collections-22-fr\"><\/p>\n<h4><span>Arriv\u00e9e des Navires Noirs \u2013 l\u2019Ukiyo-e de la fin de l\u2019\u00e8re Edo \u00e0 l\u2019\u00e8re Meiji &#8211;<\/span><\/h4>\n<p class=\"image\"><img decoding=\"async\" src=\"\/resources\/material-None\/image-1_yHDMNvy.jpg\" alt=\"\"><\/p>\n<p class=\"date\">Novembre 12, 2025 &#8211; D\u00e9cembre 14, 2025<\/p>\n<p>            <\/a><\/li>\n<li>\n            <a href=\"\/f\/collections-21-fr\"><\/p>\n<h4><span>Ukiyo-e, cartes picturales et cartes : Fujisawa de l\u2019\u00e8re Edo \u00e0 nos jours<\/span><\/h4>\n<p class=\"image\"><img decoding=\"async\" src=\"\/resources\/i\/materials\/220\/resources\/uki10454.jpg\" alt=\"\"><\/p>\n<p class=\"date\">Septembre 23, 2025 &#8211; Novembre 3, 2025<\/p>\n<p>            <\/a><\/li>\n<li>\n            <a href=\"\/f\/collections-20-fr\"><\/p>\n<h4><span>Visite de la station relais de Fujisawa et de la route d\u2019Enoshima par le biais de l\u2019Ukiyo-e : Histoire des p\u00e8lerinages et du tourisme<\/span><\/h4>\n<p class=\"image\"><img decoding=\"async\" src=\"\/resources\/i\/materials\/220\/resources\/c8DJCDFV.jpg\" alt=\"\"><\/p>\n<p class=\"date\">Juillet 17, 2025 &#8211; Septembre 15, 2025<\/p>\n<p>            <\/a><\/li>\n<li>\n            <a href=\"\/f\/collections-19-fr\"><\/p>\n<h4><span>\u00c0 pied sur le T\u014dkaid\u014d : les deux comp\u00e8res Yaji et Kita \u00e0 Edo<\/span><\/h4>\n<p class=\"image\"><img decoding=\"async\" src=\"\/resources\/i\/materials\/220\/resources\/DiqmZWMP.jpg\" alt=\"\"><\/p>\n<p class=\"date\">Mai 17, 2025 &#8211; Juillet 6, 2025<\/p>\n<p>            <\/a><\/li>\n<li>\n            <a href=\"\/f\/collections-18-fr\"><\/p>\n<h4><span>Fujisawa et le T\u014dkaid\u014d sous Meiji se rencontrant dans les Ukiyo-e : Notes de voyages et r\u00e9visions des lieux du T\u014dkai<\/span><\/h4>\n<p class=\"image\"><img decoding=\"async\" src=\"\/resources\/i\/materials\/220\/resources\/uki10522.jpg\" alt=\"\"><\/p>\n<p class=\"date\">Mars 4, 2025 &#8211; Mai 6, 2025<\/p>\n<p>            <\/a><\/li>\n<li>\n            <a href=\"\/f\/collections-17-fr\"><\/p>\n<h4><span>Circonstances des publications \u00e0 Edo et \u00e0 Fujisawa &#8211; Tsutaya J\u016bzabur\u014d et les peintres &#8211;<\/span><\/h4>\n<p class=\"image\"><img decoding=\"async\" src=\"\/resources\/i\/materials\/220\/resources\/Kz8ga3nX.jpg\" alt=\"\"><\/p>\n<p class=\"date\">D\u00e9cembre 24, 2024 &#8211; F\u00e9vrier 24, 2025<\/p>\n<p>            <\/a><\/li>\n<li>\n            <a href=\"\/f\/collections-16-fr\"><\/p>\n<h4><span>Divinit\u00e9s consacr\u00e9es \u00e0 Edo : Benzaiten et Fud\u014d My\u014d-\u014d<\/span><\/h4>\n<p class=\"image\"><img decoding=\"async\" src=\"\/resources\/i\/materials\/220\/resources\/uki10031.jpg\" alt=\"\"><\/p>\n<p class=\"date\">Novembre 13, 2024 &#8211; D\u00e9cembre 15, 2024<\/p>\n<p>            <\/a><\/li>\n<li>\n            <a href=\"\/f\/collections-15-fr\"><\/p>\n<h4><span>Ralliement de la seconde g\u00e9n\u00e9ration, Histoire des peintres h\u00e9ritiers de noms : Nidai Utamaro, Nidai Toyokuni, Nidai Hiroshige et Nidai Kunisada<\/span><\/h4>\n<p class=\"image\"><img decoding=\"async\" src=\"\/resources\/i\/materials\/220\/resources\/uki10460.jpg\" alt=\"\"><\/p>\n<p class=\"date\">Septembre 14, 2024 &#8211; Novembre 4, 2024<\/p>\n<p>            <\/a><\/li>\n<li>\n            <a href=\"\/f\/collections-14-fr\"><\/p>\n<h4><span>Ustensiles de la vie d\u2019antan qu\u2019on voit avec les Ukiyo-e : Vie courante, Agriculture, Voyages, et Objets souvenirs<\/span><\/h4>\n<p class=\"image\"><img decoding=\"async\" src=\"\/resources\/i\/materials\/220\/resources\/uki10337.jpg\" alt=\"\"><\/p>\n<p class=\"date\">Juillet 13, 2024 &#8211; Septembre 8, 2024<\/p>\n<p>            <\/a><\/li>\n<li>\n            <a href=\"\/f\/collections-13-fr\"><\/p>\n<h4><span>R\u00e9miniscence d\u2019acteurs de Kabuki, Yakusha Mitate T\u014dkaid\u014d d\u2019Utagawa Kunisada (Sandai Toyokuni)<\/span><\/h4>\n<p class=\"image\"><img decoding=\"async\" src=\"\/resources\/i\/materials\/220\/resources\/6VFkWJes.jpg\" alt=\"\"><\/p>\n<p class=\"date\">Mai 25, 2024 &#8211; Juillet 3, 2024<\/p>\n<p>            <\/a><\/li>\n<li>\n            <a href=\"\/f\/collections-12-fr\"><\/p>\n<h4><span>Les Personnalit\u00e9s du Toukaidou au gr\u00e9 des saisons, Fujisawa sous la neige, par Hiroshige<\/span><\/h4>\n<p class=\"image\"><img decoding=\"async\" src=\"\/resources\/i\/materials\/220\/resources\/uki10159.jpg\" alt=\"\"><\/p>\n<p class=\"date\">Mars 5, 2024 &#8211; Mai 6, 2024<\/p>\n<p>            <\/a><\/li>\n<li>\n            <a href=\"\/f\/collections-11-fr\"><\/p>\n<h4><span>Fujisawa et Enoshima par Hokusai et ses disciples<\/span><\/h4>\n<p class=\"image\"><img decoding=\"async\" src=\"\/resources\/i\/materials\/220\/resources\/uki10087.jpg\" alt=\"\"><\/p>\n<p class=\"date\">D\u00e9cembre 26, 2023 &#8211; F\u00e9vrier 25, 2024<\/p>\n<p>            <\/a><\/li>\n<li>\n            <a href=\"\/f\/collections-10-fr\"><\/p>\n<h4><span>Le Kabuki d\u2019Edo et Oguri Hangan, h\u00e9ros de Fujisawa dans le Ch\u016bshingura <\/span><\/h4>\n<p class=\"image\"><img decoding=\"async\" src=\"\/resources\/i\/materials\/220\/resources\/uki10333.jpg\" alt=\"\"><\/p>\n<p class=\"date\">Novembre 14, 2023 &#8211; D\u00e9cembre 17, 2023<\/p>\n<p>            <\/a><\/li>\n<li>\n            <a href=\"\/f\/collections-9-fr\"><\/p>\n<h4><span>Une autre Toukaidou. Repr\u00e9sentations insolites et vari\u00e9t\u00e9 des estampes sur la route du Toukaidou. <\/span><\/h4>\n<p class=\"image\"><img decoding=\"async\" src=\"\/f\/wp-content\/uploads\/2023\/11\/uki10147.jpg \" alt=\"\"><\/p>\n<p class=\"date\">septembre 12, 2023 &#8211; novembre 5, 2023<\/p>\n<p>            <\/a><\/li>\n<li>\n            <a href=\"\/f\/collections-1-fr\"><\/p>\n<h4><span>Ukiyo-e d\u2019Enoshima et la beaut\u00e9 l\u00e9gendaire du mont Fuji -Fujisawa\/Enoshima-<\/span><\/h4>\n<p class=\"image\"><img decoding=\"async\" src=\"\/f\/wp-content\/themes\/ukiyoe\/images\/collections\/t740H2gv_VL016_r02.jpg\" alt=\"\"><\/p>\n<p class=\"date\">juillet 11, 2023 &#8211; septembre 3, 2023<\/p>\n<p>            <\/a><\/li>\n<li>\n            <a href=\"\/f\/collections-2-fr\"><\/p>\n<h4><span>Beaut\u00e9 \u00e0 perte de vue, la magnificence du Meisho-e (litt. peinture de lieux c\u00e9l\u00e8bres) et de la perspective \u00e0 vol d\u2019oiseau <\/span><\/h4>\n<p class=\"image\"><img decoding=\"async\" src=\"\/f\/wp-content\/themes\/ukiyoe\/images\/collections\/yfOTxEYb_VL016_r02.jpg\" alt=\"\"><\/p>\n<p class=\"date\">avril 29, 2023 &#8211; juillet 2, 2023<\/p>\n<p>            <\/a><\/li>\n<li>\n            <a href=\"\/f\/collections-3-fr\"><\/p>\n<h4><span>La culture de Tsuta-ya-ban T\u014dkaid\u014d et Oiwake-michi : la recherche de la \u00ab perspective \u00bb par Hiroshige.<\/span><\/h4>\n<p class=\"image\"><img decoding=\"async\" src=\"\/f\/wp-content\/themes\/ukiyoe\/images\/collections\/NYxa0APs_VL016_r02.jpg\" alt=\"\"><\/p>\n<p class=\"date\">mars 7, 2023 &#8211; avril 23, 2023<\/p>\n<p>            <\/a><\/li>\n<li>\n            <a href=\"\/f\/collections-4-fr\"><\/p>\n<h4><span>Le rhinoc\u00e9ros a \u00e9t\u00e9 lanc\u00e9 : une histoire int\u00e9ressante de l\u2019e-sugoroku d&#8217;Edo.<\/span><\/h4>\n<p class=\"image\"><img decoding=\"async\" src=\"\/f\/wp-content\/themes\/ukiyoe\/images\/collections\/E0NztmRH_VL016_r02.jpg\" alt=\"\"><\/p>\n<p class=\"date\">d\u00e9cembre 13, 2022 &#8211; f\u00e9vrier 26, 2023<\/p>\n<p>            <\/a><\/li>\n<li>\n            <a href=\"\/f\/collections-5-fr\"><\/p>\n<h4><span>Kisai Rissh\u014d, peintre connu sous le nom de Hiroshige II.<\/span><\/h4>\n<p class=\"image\"><img decoding=\"async\" src=\"\/f\/wp-content\/themes\/ukiyoe\/images\/collections\/mu741IAa_VL016_r02.jpg\" alt=\"\"><\/p>\n<p class=\"date\">novembre 3, 2022 &#8211; d\u00e9cembre 4, 2022<\/p>\n<p>            <\/a><\/li>\n<li class=\"is-hidden\">\n            <a href=\"\/f\/collections-6-fr\"><\/p>\n<h4><span>Estampes ukiyo-e et cartes postales de Kanagawa et du T\u014dkaid\u014d.<\/span><\/h4>\n<p class=\"image\"><img decoding=\"async\" src=\"\/f\/wp-content\/themes\/ukiyoe\/images\/collections\/pw3ywQYl_VL016_r02.jpg\" alt=\"\"><\/p>\n<p class=\"date\">septembre 13, 2022 &#8211; octobre 27, 2022<\/p>\n<p>            <\/a><\/li>\n<li class=\"is-hidden\">\n            <a href=\"\/f\/collections-7-fr\"><\/p>\n<h4><span>FUJISAWA LEGACY ENOSHIMA UKIYO-E<br \/>\nP\u00e8lerinage d&#8217;Enoshima et histoire du culte des Benzaiten dans les estampes ukiyo-e.<br \/>\n<\/span><\/h4>\n<p class=\"image\"><img decoding=\"async\" src=\"\/f\/wp-content\/themes\/ukiyoe\/images\/collections\/Ct1b9dhU_VL016_r02.jpg\" alt=\"\"><\/p>\n<p class=\"date\">juillet 5, 2022 &#8211; septembre 4, 2022<\/p>\n<p>            <\/a><\/li>\n<li class=\"is-hidden\">\n            <a href=\"\/f\/collections-8-fr\"><\/p>\n<h4><span>Les liens qui unissent Kunisada et Hiroshige \u00e0 travers les paysages mettant en sc\u00e8ne les belles femmes (Bijin) du T\u014dkaid\u014d.<\/span><\/h4>\n<p class=\"image\"><img decoding=\"async\" src=\"\/f\/wp-content\/themes\/ukiyoe\/images\/collections\/vSRHpfkQ_VL016_r02.jpg\" alt=\"\"><\/p>\n<p class=\"date\">avril 26, 2022 &#8211; juin 26, 2022<\/p>\n<p>            <\/a><\/li>\n<\/ul>\n<p class=\"moreButton\">More<\/p>\n<\/div>\n<\/div>\n<p><!-- \/txtArea --><\/p>\n<\/div>\n<p><!-- \/row --><\/p>\n<\/div>\n<p><!-- \/container --><\/p>\n<\/section>\n","protected":false},"excerpt":{"rendered":"<p>HOME The Exhibition Archive The Exhibition Archive Sugoroku Ukiyo-e \u00ab THE WORLD \u00bb D\u00e9cembre 25, 2025 &#8211; F\u00e9 [&hellip;]<\/p>\n","protected":false},"author":1,"featured_media":0,"parent":0,"menu_order":0,"comment_status":"closed","ping_status":"closed","template":"page-fr.php","meta":{"footnotes":""},"class_list":["post-1469","page","type-page","status-publish","hentry"],"_links":{"self":[{"href":"https:\/\/fujisawa-ukiyoekan.net\/f\/wp-json\/wp\/v2\/pages\/1469","targetHints":{"allow":["GET"]}}],"collection":[{"href":"https:\/\/fujisawa-ukiyoekan.net\/f\/wp-json\/wp\/v2\/pages"}],"about":[{"href":"https:\/\/fujisawa-ukiyoekan.net\/f\/wp-json\/wp\/v2\/types\/page"}],"author":[{"embeddable":true,"href":"https:\/\/fujisawa-ukiyoekan.net\/f\/wp-json\/wp\/v2\/users\/1"}],"replies":[{"embeddable":true,"href":"https:\/\/fujisawa-ukiyoekan.net\/f\/wp-json\/wp\/v2\/comments?post=1469"}],"version-history":[{"count":26,"href":"https:\/\/fujisawa-ukiyoekan.net\/f\/wp-json\/wp\/v2\/pages\/1469\/revisions"}],"predecessor-version":[{"id":4179,"href":"https:\/\/fujisawa-ukiyoekan.net\/f\/wp-json\/wp\/v2\/pages\/1469\/revisions\/4179"}],"wp:attachment":[{"href":"https:\/\/fujisawa-ukiyoekan.net\/f\/wp-json\/wp\/v2\/media?parent=1469"}],"curies":[{"name":"wp","href":"https:\/\/api.w.org\/{rel}","templated":true}]}}