{"id":1405,"date":"2023-11-10T14:38:13","date_gmt":"2023-11-10T05:38:13","guid":{"rendered":"https:\/\/www.fujisawa-ukiyoekan.net\/f\/?page_id=1405"},"modified":"2026-03-05T16:54:25","modified_gmt":"2026-03-05T07:54:25","slug":"archive-en","status":"publish","type":"page","link":"https:\/\/fujisawa-ukiyoekan.net\/f\/archive-en\/","title":{"rendered":"\u904e\u53bb\u306e\u5c55\u793a\u4f1a\u5185\u5bb9\u7d39\u4ecb\uff08\u82f1\u8a9e\uff09"},"content":{"rendered":"<section id=\"top\" class=\"bc-section\">\n<div class=\"container\">\n<ol class=\"breadcrumb\">\n<li><a href=\"\/f\/home-en\">HOME<\/a><\/li>\n<li class=\"active\">The Exhibition Archive<\/li>\n<\/ol>\n<\/div>\n<\/section>\n<section id=\"txt\" class=\"home-section\">\n<div class=\"container\">\n<div class=\"row\">\n<div class=\"txtArea\">\n<h3>The Exhibition Archive<\/h3>\n<div class=\"archiveImage\">\n<ul>\n<li>\n            <a href=\"\/f\/collections-23-en\"><\/p>\n<h4><span>Ukiyo-e Sugoroku: THE WORLD<\/span><\/h4>\n<p class=\"image\"><img decoding=\"async\" src=\"\/resources\/material-None\/image-1_fcl82eb.jpg\" alt=\"\"><\/p>\n<p class=\"date\">December 25, 2025 &#8211; February 23, 2026<\/p>\n<p>            <\/a><\/li>\n<li>\n            <a href=\"\/f\/collections-22-en\"><\/p>\n<h4><span>Perry Expedition: Ukiyo-e in the Bakumatsu and Meiji<\/span><\/h4>\n<p class=\"image\"><img decoding=\"async\" src=\"\/resources\/material-None\/image-1_yHDMNvy.jpg\" alt=\"\"><\/p>\n<p class=\"date\">November 12, 2025 &#8211; December 14, 2025<\/p>\n<p>            <\/a><\/li>\n<li>\n            <a href=\"\/f\/collections-21-en\"><\/p>\n<h4><span>Ukiyo-e to Pictorial Map to Map: Fujisawa Painted from Edo to Modern Era<\/span><\/h4>\n<p class=\"image\"><img decoding=\"async\" src=\"\/resources\/i\/materials\/220\/resources\/uki10454.jpg\" alt=\"\"><\/p>\n<p class=\"date\">September 23, 2025 &#8211; November 3, 2025<\/p>\n<p>            <\/a><\/li>\n<li>\n            <a href=\"\/f\/collections-20-en\"><\/p>\n<h4><span>Ukiyo-e Guide to Fujisawa-shuku and Enoshima Road: History of Pilgrimage and Sightseeing\t\t\t\t<\/span><\/h4>\n<p class=\"image\"><img decoding=\"async\" src=\"\/resources\/i\/materials\/220\/resources\/c8DJCDFV.jpg\" alt=\"\"><\/p>\n<p class=\"date\">July 18, 2025 &#8211; September 15, 2025<\/p>\n<p>            <\/a><\/li>\n<li>\n            <a href=\"\/f\/collections-19-en\"><\/p>\n<h4><span>T\u014dkaid\u014dch\u016b Hizakurige \u2015 Comedians of the Edo: Yaji and Kita<\/span><\/h4>\n<p class=\"image\"><img decoding=\"async\" src=\"\/resources\/i\/materials\/220\/resources\/DiqmZWMP.jpg\" alt=\"\"><\/p>\n<p class=\"date\">May 17, 2025 &#8211; July 6, 2025<\/p>\n<p>            <\/a><\/li>\n<li>\n            <a href=\"\/f\/collections-18-en\"><\/p>\n<h4><span>A Look at Meiji Era Tokaido and Fujisawa through Ukiyo-e: Tokai Meisho Kaisei Dochuki<\/span><\/h4>\n<p class=\"image\"><img decoding=\"async\" src=\"\/resources\/i\/materials\/220\/resources\/uki10522.jpg\" alt=\"\"><\/p>\n<p class=\"date\">March 4, 2025 &#8211; May 6, 2025<\/p>\n<p>            <\/a><\/li>\n<li>\n            <a href=\"\/f\/collections-17-en\"><\/p>\n<h4><span>Publishing in Fujisawa and Edo: The Story of Tsutaya Juzaburo and Artists<\/span><\/h4>\n<p class=\"image\"><img decoding=\"async\" src=\"\/resources\/i\/materials\/220\/resources\/Kz8ga3nX.jpg\" alt=\"\"><\/p>\n<p class=\"date\">December 24, 2024 &#8211; February 24, 2025<\/p>\n<p>            <\/a><\/li>\n<li>\n            <a href=\"\/f\/collections-16-en\"><\/p>\n<h4><span>The Enshrined Deities of Edo: Benzaiten and Fudo Myo-o<\/span><\/h4>\n<p class=\"image\"><img decoding=\"async\" src=\"\/resources\/i\/materials\/220\/resources\/uki10031.jpg\" alt=\"\"><\/p>\n<p class=\"date\">November 13, 2024 &#8211; December 15, 2024<\/p>\n<p>            <\/a><\/li>\n<li>\n            <a href=\"\/f\/collections-15-en\"><\/p>\n<h4><span>Second-Generation Gathering: The Tales of Successors Utamaro II, Toyokuni II, Hiroshige II, Kunisada II<\/span><\/h4>\n<p class=\"image\"><img decoding=\"async\" src=\"\/resources\/i\/materials\/220\/resources\/uki10460.jpg\" alt=\"\"><\/p>\n<p class=\"date\">September 14, 2024 &#8211; November 4, 2024<\/p>\n<p>            <\/a><\/li>\n<li>\n            <a href=\"\/f\/collections-14-en\"><\/p>\n<h4><span>A Look at Tools of the Past through Ukiyo-e: Daily Life, Agriculture, Travel and Souvenirs<\/span><\/h4>\n<p class=\"image\"><img decoding=\"async\" src=\"\/resources\/i\/materials\/220\/resources\/uki10337.jpg\" alt=\"\"><\/p>\n<p class=\"date\">July 13, 2024 &#8211; September 8, 2024<\/p>\n<p>            <\/a><\/li>\n<li>\n            <a href=\"\/f\/collections-13-en\"><\/p>\n<h4><span>Yakusha Mitate Tokaido Series: Portraits of Kabuki Actors at Post Stations of the Tokaido by Utagawa Kunisada (Toyokuni III)<\/span><\/h4>\n<p class=\"image\"><img decoding=\"async\" src=\"\/resources\/i\/materials\/220\/resources\/6VFkWJes.jpg\" alt=\"\"><\/p>\n<p class=\"date\">May 25, 2024 &#8211; July 3, 2024<\/p>\n<p>            <\/a><\/li>\n<li>\n            <a href=\"\/f\/collections-12-en\"><\/p>\n<h4><span>Seasons as seen through Hiroshige\u2019s Jinbutsu Toukaidou: Snow Falling on Fujisawa<\/span><\/h4>\n<p class=\"image\"><img decoding=\"async\" src=\"\/resources\/i\/materials\/220\/resources\/uki10159.jpg\" alt=\"\"><\/p>\n<p class=\"date\">March 5, 2024 &#8211; May 6, 2024<\/p>\n<p>            <\/a><\/li>\n<li>\n            <a href=\"\/f\/collections-11-en\"><\/p>\n<h4><span>Hokusai and His Disciples\u2019 Fujisawa\/Enoshima<\/span><\/h4>\n<p class=\"image\"><img decoding=\"async\" src=\"\/resources\/i\/materials\/220\/resources\/uki10087.jpg\" alt=\"\"><\/p>\n<p class=\"date\">December 26, 2023 &#8211; February 25, 2024<\/p>\n<p>            <\/a><\/li>\n<li>\n            <a href=\"\/f\/collections-10-en\"><\/p>\n<h4><span>Why the Treasury of Loyal Retainers? Fujisawa\u2019s Hero Oguri Hangan and Edo Kabuki<\/span><\/h4>\n<p class=\"image\"><img decoding=\"async\" src=\"\/resources\/i\/materials\/220\/resources\/uki10333.jpg\" alt=\"\"><\/p>\n<p class=\"date\">November 14, 2023 &#8211; December 17, 2023<\/p>\n<p>            <\/a><\/li>\n<li>\n            <a href=\"\/f\/collections-9-en\"><\/p>\n<h4><span>Another Toukaidou: The Diversity and Unique Style of Toukaidou Depiction<\/span><\/h4>\n<p class=\"image\"><img decoding=\"async\" src=\"\/f\/wp-content\/uploads\/2023\/11\/uki10147.jpg \" alt=\"\"><\/p>\n<p class=\"date\">September 12, 2023 &#8211; November 5, 2023<\/p>\n<p>            <\/a><\/li>\n<li>\n            <a href=\"\/f\/collections-1-en\"><\/p>\n<h4><span>FUJISAWA LEGACY ENOSIMA UKIYO-E Enoshima Ukiyo-e and Mt. Fuji ~Fujisawa\u30fbEnoshima A Treasure Trove of Legends~<\/span><\/h4>\n<p class=\"image\"><img decoding=\"async\" src=\"\/f\/wp-content\/themes\/ukiyoe\/images\/collections\/t740H2gv_VL016_r02.jpg\" alt=\"\"><\/p>\n<p class=\"date\">July 11, 2023 &#8211; September 3, 2023<\/p>\n<p>            <\/a><\/li>\n<li>\n            <a href=\"\/f\/collections-2-en\"><\/p>\n<h4><span>A Wonderful View: The Beauty of Landscape Ukiyo-e and Bird\u2019s Eye View Paintings<\/span><\/h4>\n<p class=\"image\"><img decoding=\"async\" src=\"\/f\/wp-content\/themes\/ukiyoe\/images\/collections\/yfOTxEYb_VL016_r02.jpg\" alt=\"\"><\/p>\n<p class=\"date\">April 29, 2023 &#8211; July 2, 2023<\/p>\n<p>            <\/a><\/li>\n<li>\n            <a href=\"\/f\/collections-3-en\"><\/p>\n<h4><span>The culture of the Tsutaya Toukaidou and oiwake-michi &#8211; in pursuit of Hiroshige\u2019s viewpoint<\/span><\/h4>\n<p class=\"image\"><img decoding=\"async\" src=\"\/f\/wp-content\/themes\/ukiyoe\/images\/collections\/NYxa0APs_VL016_r02.jpg\" alt=\"\"><\/p>\n<p class=\"date\">March 7, 2023 &#8211; April 23, 2023<\/p>\n<p>            <\/a><\/li>\n<li>\n            <a href=\"\/f\/collections-4-en\"><\/p>\n<h4><span>The die is cast &#8211; the engrossing history of e-sugoroku prints in the Edo period<\/span><\/h4>\n<p class=\"image\"><img decoding=\"async\" src=\"\/f\/wp-content\/themes\/ukiyoe\/images\/collections\/E0NztmRH_VL016_r02.jpg\" alt=\"\"><\/p>\n<p class=\"date\">December 13, 2022 &#8211; February 26, 2023<\/p>\n<p>            <\/a><\/li>\n<li>\n            <a href=\"\/f\/collections-5-en\"><\/p>\n<h4><span>Kisai Rissho, the painter who was called Hiroshige II<\/span><\/h4>\n<p class=\"image\"><img decoding=\"async\" src=\"\/f\/wp-content\/themes\/ukiyoe\/images\/collections\/mu741IAa_VL016_r02.jpg\" alt=\"\"><\/p>\n<p class=\"date\">November 3, 2022 &#8211; December 4, 2022<\/p>\n<p>            <\/a><\/li>\n<li class=\"is-hidden\">\n            <a href=\"\/f\/collections-6-en\"><\/p>\n<h4><span>Touring Kanagawa and the Toukaidou Highway with ukiyo-e and picture postcards<\/span><\/h4>\n<p class=\"image\"><img decoding=\"async\" src=\"\/f\/wp-content\/themes\/ukiyoe\/images\/collections\/pw3ywQYl_VL016_r02.jpg\" alt=\"\"><\/p>\n<p class=\"date\">September 13, 2022 &#8211; October 27, 2022<\/p>\n<p>            <\/a><\/li>\n<li class=\"is-hidden\">\n            <a href=\"\/f\/collections-7-en\"><\/p>\n<h4><span>FUJISAWA LEGACY ENOSHIMA UKIYO-E<br \/>\nPilgrimages to Enoshima and the history of Benzaiten worship as appearing in ukiyo-e<\/span><\/h4>\n<p class=\"image\"><img decoding=\"async\" src=\"\/f\/wp-content\/themes\/ukiyoe\/images\/collections\/Ct1b9dhU_VL016_r02.jpg\" alt=\"\"><\/p>\n<p class=\"date\">July 5, 2022 &#8211; September 4, 2022<\/p>\n<p>            <\/a><\/li>\n<li class=\"is-hidden\">\n            <a href=\"\/f\/collections-8-en\"><\/p>\n<h4><span>The connection between Kunisada and Hiroshige as appearing in the Bijin Toukaidou scenery<\/span><\/h4>\n<p class=\"image\"><img decoding=\"async\" src=\"\/f\/wp-content\/themes\/ukiyoe\/images\/collections\/vSRHpfkQ_VL016_r02.jpg\" alt=\"\"><\/p>\n<p class=\"date\">April 26, 2022 &#8211; June 26, 2022<\/p>\n<p>            <\/a><\/li>\n<\/ul>\n<p class=\"moreButton\">More<\/p>\n<\/div>\n<\/div>\n<p><!-- \/txtArea --><\/p>\n<\/div>\n<p><!-- \/row --><\/p>\n<\/div>\n<p><!-- \/container --><\/p>\n<\/section>\n","protected":false},"excerpt":{"rendered":"<p>HOME The Exhibition Archive The Exhibition Archive Ukiyo-e Sugoroku: THE WORLD December 25, 2025 &#8211; Febru [&hellip;]<\/p>\n","protected":false},"author":1,"featured_media":0,"parent":0,"menu_order":0,"comment_status":"closed","ping_status":"closed","template":"page-en.php","meta":{"footnotes":""},"class_list":["post-1405","page","type-page","status-publish","hentry"],"_links":{"self":[{"href":"https:\/\/fujisawa-ukiyoekan.net\/f\/wp-json\/wp\/v2\/pages\/1405","targetHints":{"allow":["GET"]}}],"collection":[{"href":"https:\/\/fujisawa-ukiyoekan.net\/f\/wp-json\/wp\/v2\/pages"}],"about":[{"href":"https:\/\/fujisawa-ukiyoekan.net\/f\/wp-json\/wp\/v2\/types\/page"}],"author":[{"embeddable":true,"href":"https:\/\/fujisawa-ukiyoekan.net\/f\/wp-json\/wp\/v2\/users\/1"}],"replies":[{"embeddable":true,"href":"https:\/\/fujisawa-ukiyoekan.net\/f\/wp-json\/wp\/v2\/comments?post=1405"}],"version-history":[{"count":29,"href":"https:\/\/fujisawa-ukiyoekan.net\/f\/wp-json\/wp\/v2\/pages\/1405\/revisions"}],"predecessor-version":[{"id":4178,"href":"https:\/\/fujisawa-ukiyoekan.net\/f\/wp-json\/wp\/v2\/pages\/1405\/revisions\/4178"}],"wp:attachment":[{"href":"https:\/\/fujisawa-ukiyoekan.net\/f\/wp-json\/wp\/v2\/media?parent=1405"}],"curies":[{"name":"wp","href":"https:\/\/api.w.org\/{rel}","templated":true}]}}