{"id":126,"date":"2023-09-27T15:02:34","date_gmt":"2023-09-27T06:02:34","guid":{"rendered":"http:\/\/test2.airmesse-light.com\/f\/?page_id=126"},"modified":"2023-09-29T14:26:38","modified_gmt":"2023-09-29T05:26:38","slug":"ukiyoe-2-pt","status":"publish","type":"page","link":"https:\/\/fujisawa-ukiyoekan.net\/f\/ukiyoe-2-pt\/","title":{"rendered":"\u6d6e\u4e16\u7d75\u3068\u85e4\u6ca2\u3000\u6d6e\u4e16\u7d75\u306e\u4e00\u5927\u540d\u6240\u300c\u6c5f\u306e\u5cf6\u300d\u3000\u30dd\u30eb\u30c8\u30ac\u30eb\u8a9e"},"content":{"rendered":"<section id=\"top\" class=\"bc-section\">\n<div class=\"container\">\n<ol class=\"breadcrumb\">\n<li><a href=\"\/f\/home-pt\">IN\u00cdCIO<\/a><\/li>\n<li class=\"active\">Ukiyo-e e Fujisawa<\/li>\n<\/ol>\n<\/div>\n<\/section>\n<section id=\"txt\" class=\"home-section\">\n<div class=\"container\">\n<div class=\"row\">\n<div class=\"txtArea\">\n<h3>L A principal paisagem do ukiyo-e: a ilha de Enoshima<\/h3>\n<div class=\"img-l\">\n<img decoding=\"async\" src=\"http:\/\/test2.airmesse-light.com\/f\/wp-content\/themes\/ukiyoe\/images\/ukiyoe1.jpg\" alt=\"ukiyoe\" class=\"img-responsive\"><\/p>\n<p class=\"u-name\">Kuboshunman\u3000Sem t\u00edtulo (santu\u00e1rio Kinkizan da ilha de Enoshima)\/p><\/p>\n<\/div>\n<div class=\"txtBox rightTxt\">\n<p>Com exce\u00e7\u00e3o do Monte Fuji, a ilha de Enoshima \u00e9 uma das paisagens mais retratadas no ukiyo-e. A quantidade de apari\u00e7\u00f5es explica a grande popularidade das peregrina\u00e7\u00f5es em dire\u00e7\u00e3o \u00e0 ilha de Enoshima durante o per\u00edodo Edo.<br \/>\nA ilha de Enoshima est\u00e1 conectada com a ba\u00eda de Shonan. A exist\u00eancia do Iwaya, uma caverna marinha criada de forma natural pela eros\u00e3o provocada pelas ondas, fez da caverna um ponto de peregrina\u00e7\u00e3o, atraindo muitos religiosos no passado. No per\u00edodo Kamakura, por pedido do primeiro Shogun (general) Minamoto no Yoritomo, o monge budista Mongaku, orou pela vinda de Benzai-ten para a ilha de Enoshima. Assim, a ilha atraiu v\u00e1rios fi\u00e9is de Benzai-ten, enquanto a beleza da paisagem do local atraiu muitos turistas.<br \/>\nNo ukiyo-e, a ilha de Enoshima foi inicialmente retratada com a imagem reminiscente do sagrado Monte Horai, junto do Monte Fuji e do nascer do sol. Posteriormente, muitos desenhos retratavam os v\u00e1rios peregrinos que iam para Enoshima.<\/p>\n<\/div>\n<div class=\"nxtBox clear\">\n<p><i class=\"fa fa-arrow-circle-left\"><\/i> <a href=\"ukiyoe-1-pt\">A cidade Fujisawa representada no ukiyo-e<\/a> | <a href=\"ukiyoe-3-pt\">A lenda de Oguri-Hangan e a princesa Terute<\/a> <i class=\"fa fa-arrow-circle-right\"><\/i><\/p>\n<\/div>\n<\/div>\n<\/div>\n<\/div>\n<\/section>\n","protected":false},"excerpt":{"rendered":"<p>IN\u00cdCIO Ukiyo-e e Fujisawa L A principal paisagem do ukiyo-e: a ilha de Enoshima Kuboshunman\u3000Sem t\u00edtulo (santu\u00e1 [&hellip;]<\/p>\n","protected":false},"author":1,"featured_media":0,"parent":0,"menu_order":0,"comment_status":"closed","ping_status":"closed","template":"page-pt.php","meta":{"footnotes":""},"class_list":["post-126","page","type-page","status-publish","hentry"],"_links":{"self":[{"href":"https:\/\/fujisawa-ukiyoekan.net\/f\/wp-json\/wp\/v2\/pages\/126","targetHints":{"allow":["GET"]}}],"collection":[{"href":"https:\/\/fujisawa-ukiyoekan.net\/f\/wp-json\/wp\/v2\/pages"}],"about":[{"href":"https:\/\/fujisawa-ukiyoekan.net\/f\/wp-json\/wp\/v2\/types\/page"}],"author":[{"embeddable":true,"href":"https:\/\/fujisawa-ukiyoekan.net\/f\/wp-json\/wp\/v2\/users\/1"}],"replies":[{"embeddable":true,"href":"https:\/\/fujisawa-ukiyoekan.net\/f\/wp-json\/wp\/v2\/comments?post=126"}],"version-history":[{"count":6,"href":"https:\/\/fujisawa-ukiyoekan.net\/f\/wp-json\/wp\/v2\/pages\/126\/revisions"}],"predecessor-version":[{"id":583,"href":"https:\/\/fujisawa-ukiyoekan.net\/f\/wp-json\/wp\/v2\/pages\/126\/revisions\/583"}],"wp:attachment":[{"href":"https:\/\/fujisawa-ukiyoekan.net\/f\/wp-json\/wp\/v2\/media?parent=126"}],"curies":[{"name":"wp","href":"https:\/\/api.w.org\/{rel}","templated":true}]}}