{"id":1251,"date":"2023-10-19T10:29:49","date_gmt":"2023-10-19T01:29:49","guid":{"rendered":"http:\/\/test2.airmesse-light.com\/f\/?page_id=1251"},"modified":"2023-10-19T10:29:49","modified_gmt":"2023-10-19T01:29:49","slug":"link-pt","status":"publish","type":"page","link":"https:\/\/fujisawa-ukiyoekan.net\/f\/link-pt\/","title":{"rendered":"\u30ea\u30f3\u30af-\u30dd\u30eb\u30c8\u30ac\u30eb\u8a9e"},"content":{"rendered":"<section id=\"top\" class=\"bc-section\">\n<div class=\"container\">\n<ol class=\"breadcrumb\">\n<li><a href=\"index.html\">IN\u00cdCIO<\/a><\/li>\n<li class=\"active\">Links<\/li>\n<\/ol>\n<\/div>\n<\/section>\n<p><!--\/Breadcrumb--><\/p>\n<p><!-- Section: about --><\/p>\n<section id=\"about\" class=\"home-section\">\n<div class=\"container\">\n<div class=\"row\">\n<p><!--area--><\/p>\n<div class=\"linkArea\">\n<h2>Links<\/h2>\n<div class=\"infoBox\">\n<h4>Miyunet Fujisawa<\/h4>\n<p><a href=\"https:\/\/www.fujisawa-miyu.net\/\" target=\"_blank\" rel=\"noopener\">https:\/\/www.fujisawa-miyu.net\/<\/a><\/p>\n<\/div>\n<div class=\"infoBox\">\n<h4>Cidade de Fujisawa (Ingl\u00eas)<\/h4>\n<p><a href=\"http:\/\/www.city.fujisawa.kanagawa.jp\/jinkendanjyo\/gaikokugo\/portuguese\/index.html\" target=\"_blank\" rel=\"noopener\">http:\/\/www.city.fujisawa.kanagawa.jp\/jinkendanjyo\/gaikokugo\/portuguese\/index.html<\/a><\/p>\n<\/div>\n<div class=\"infoBox\">\n<h4>Espa\u00e7o de arte da cidade de Fujisawa<\/h4>\n<p><a href=\"http:\/\/www.city.fujisawa.kanagawa.jp\/bunka\/FAS\/\" target=\"_blank\" rel=\"noopener\">http:\/\/www.city.fujisawa.kanagawa.jp\/bunka\/FAS\/<\/a><\/p>\n<\/div>\n<div class=\"infoBox\">\n<h4>Espa\u00e7o de confraterniza\u00e7\u00e3o Fujisawa-shuku<\/h4>\n<p><a href=\"http:\/\/www.fujisawa-kanko.jp\/fujisawashukukouryukan\/\" target=\"_blank\" rel=\"noopener\">http:\/\/www.fujisawa-kanko.jp\/fujisawashukukouryukan\/<\/a><\/p>\n<\/div>\n<div class=\"infoBox\">\n<h4>Divis\u00e3o geral de esgoto da cidade de Fujisawa<\/h4>\n<p><a href=\"http:\/\/www.city.fujisawa.kanagawa.jp\/gesui-so\/\" target=\"_blank\" rel=\"noopener\">http:\/\/www.city.fujisawa.kanagawa.jp\/gesui-so\/<\/a><\/p>\n<\/div>\n<\/div>\n<p><!--\/area--><\/p>\n<\/div>\n<\/div>\n<\/section>\n","protected":false},"excerpt":{"rendered":"<p>IN\u00cdCIO Links Links Miyunet Fujisawa https:\/\/www.fujisawa-miyu.net\/ Cidade de Fujisawa (Ingl\u00eas) http:\/\/www.city [&hellip;]<\/p>\n","protected":false},"author":1,"featured_media":0,"parent":0,"menu_order":0,"comment_status":"closed","ping_status":"closed","template":"page-pt.php","meta":{"footnotes":""},"class_list":["post-1251","page","type-page","status-publish","hentry"],"_links":{"self":[{"href":"https:\/\/fujisawa-ukiyoekan.net\/f\/wp-json\/wp\/v2\/pages\/1251","targetHints":{"allow":["GET"]}}],"collection":[{"href":"https:\/\/fujisawa-ukiyoekan.net\/f\/wp-json\/wp\/v2\/pages"}],"about":[{"href":"https:\/\/fujisawa-ukiyoekan.net\/f\/wp-json\/wp\/v2\/types\/page"}],"author":[{"embeddable":true,"href":"https:\/\/fujisawa-ukiyoekan.net\/f\/wp-json\/wp\/v2\/users\/1"}],"replies":[{"embeddable":true,"href":"https:\/\/fujisawa-ukiyoekan.net\/f\/wp-json\/wp\/v2\/comments?post=1251"}],"version-history":[{"count":1,"href":"https:\/\/fujisawa-ukiyoekan.net\/f\/wp-json\/wp\/v2\/pages\/1251\/revisions"}],"predecessor-version":[{"id":1252,"href":"https:\/\/fujisawa-ukiyoekan.net\/f\/wp-json\/wp\/v2\/pages\/1251\/revisions\/1252"}],"wp:attachment":[{"href":"https:\/\/fujisawa-ukiyoekan.net\/f\/wp-json\/wp\/v2\/media?parent=1251"}],"curies":[{"name":"wp","href":"https:\/\/api.w.org\/{rel}","templated":true}]}}