{"id":120,"date":"2023-09-27T15:02:21","date_gmt":"2023-09-27T06:02:21","guid":{"rendered":"http:\/\/test2.airmesse-light.com\/f\/?page_id=120"},"modified":"2023-09-29T14:28:16","modified_gmt":"2023-09-29T05:28:16","slug":"ukiyoe-2-es","status":"publish","type":"page","link":"https:\/\/fujisawa-ukiyoekan.net\/f\/ukiyoe-2-es\/","title":{"rendered":"\u6d6e\u4e16\u7d75\u3068\u85e4\u6ca2\u3000\u6d6e\u4e16\u7d75\u306e\u4e00\u5927\u540d\u6240\u300c\u6c5f\u306e\u5cf6\u300d\u3000\u30b9\u30da\u30a4\u30f3\u8a9e"},"content":{"rendered":"<section id=\"top\" class=\"bc-section\">\n<div class=\"container\">\n<ol class=\"breadcrumb\">\n<li><a href=\"\/f\/home-es\">INICIO <\/a><\/li>\n<li class=\"active\">Ukiyo-e y Fujisawa<\/li>\n<\/ol>\n<\/div>\n<\/section>\n<section id=\"txt\" class=\"home-section\">\n<div class=\"container\">\n<div class=\"row\">\n<div class=\"txtArea\">\n<h3>La isla de Enoshima como uno de las principales temas de las estampas ukiyo-e<\/h3>\n<div class=\"img-l\">\n<img decoding=\"async\" src=\"http:\/\/test2.airmesse-light.com\/f\/wp-content\/themes\/ukiyoe\/images\/ukiyoe1.jpg\" alt=\"ukiyoe\" class=\"img-responsive\"><\/p>\n<p class=\"u-name\">Kuboshunman T\u00edtulo: Desconocido (Templo Kinkizan de la isla de Enoshima)<\/p>\n<\/div>\n<div class=\"txtBox rightTxt\">\n<p>Solo con la excepci\u00f3n del insuperable monte Fuji, la isla de Enoshima es una de las vistas m\u00e1s populares en las estampas ukiyo-e. Tanto que la isla experiment\u00f3 un enorme incremento de peregrinos a su santuario sinto\u00edsta durante la era Edo.<br \/>\nEnoshima es una isla conectada con la playa de Shonan mediante un banco de arena. Dentro de ella destaca la presencia de unas cuevas creadas naturalmente como resultado de la erosi\u00f3n de las olas, denominadas en japon\u00e9s Iwaya, de las cuales se dice que eran un lugar para las pr\u00e1cticas ascetas de los antiguos ritos religiosos, que atrajeron a un gran n\u00famero de c\u00e9lebres ermita\u00f1os en la antig\u00fcedad. Durante la era Kamakura, a petici\u00f3n del primer shogun, Minamoto no Yoritomo, el monje budista Mongaku hizo sus plegarias para que la diosa budista japonesa Benzai-ten apareciera en la isla de Enoshima. Como resultado de este hecho, la isla de Enoshima atrajo a un gran n\u00famero de fan\u00e1ticos de la diosa Benzai-ten, al igual que a un gran n\u00famero de viajeros gracias a su espl\u00e9ndido y hermoso paisaje.<br \/>\nAunque, la isla de Enoshima en las estampas ukiyo-e fue inicialmente representada junto con el monte Fuji y la puesta de sol, a imagen del monte Horai, monte m\u00edtico para el tao\u00edsmo chino, con el paso del tiempo, aumentaron las estampas ukiyo-e que reflejaban a los visitantes a la isla de Enoshima.<\/p>\n<\/div>\n<div class=\"nxtBox\">\n<p><i class=\"fa fa-arrow-circle-left\"><\/i> <a href=\"ukiyoe-1-es\">Fujisawa representada en las estampas ukiyo-e<\/a> | <a href=\"ukiyoe-3-es\">El mundo de la leyenda de Oguri Hangan y la princesa Terute<\/a> <i class=\"fa fa-arrow-circle-right\"><\/i><\/p>\n<\/div>\n<\/div>\n<\/div>\n<\/div>\n<\/section>\n","protected":false},"excerpt":{"rendered":"<p>INICIO Ukiyo-e y Fujisawa La isla de Enoshima como uno de las principales temas de las estampas ukiyo-e Kubosh [&hellip;]<\/p>\n","protected":false},"author":1,"featured_media":0,"parent":0,"menu_order":0,"comment_status":"closed","ping_status":"closed","template":"page-es.php","meta":{"footnotes":""},"class_list":["post-120","page","type-page","status-publish","hentry"],"_links":{"self":[{"href":"https:\/\/fujisawa-ukiyoekan.net\/f\/wp-json\/wp\/v2\/pages\/120","targetHints":{"allow":["GET"]}}],"collection":[{"href":"https:\/\/fujisawa-ukiyoekan.net\/f\/wp-json\/wp\/v2\/pages"}],"about":[{"href":"https:\/\/fujisawa-ukiyoekan.net\/f\/wp-json\/wp\/v2\/types\/page"}],"author":[{"embeddable":true,"href":"https:\/\/fujisawa-ukiyoekan.net\/f\/wp-json\/wp\/v2\/users\/1"}],"replies":[{"embeddable":true,"href":"https:\/\/fujisawa-ukiyoekan.net\/f\/wp-json\/wp\/v2\/comments?post=120"}],"version-history":[{"count":8,"href":"https:\/\/fujisawa-ukiyoekan.net\/f\/wp-json\/wp\/v2\/pages\/120\/revisions"}],"predecessor-version":[{"id":589,"href":"https:\/\/fujisawa-ukiyoekan.net\/f\/wp-json\/wp\/v2\/pages\/120\/revisions\/589"}],"wp:attachment":[{"href":"https:\/\/fujisawa-ukiyoekan.net\/f\/wp-json\/wp\/v2\/media?parent=120"}],"curies":[{"name":"wp","href":"https:\/\/api.w.org\/{rel}","templated":true}]}}