{"id":115,"date":"2023-09-27T15:02:28","date_gmt":"2023-09-27T06:02:28","guid":{"rendered":"http:\/\/test2.airmesse-light.com\/f\/?page_id=115"},"modified":"2023-09-29T14:29:34","modified_gmt":"2023-09-29T05:29:34","slug":"ukiyoe-2-fr","status":"publish","type":"page","link":"https:\/\/fujisawa-ukiyoekan.net\/f\/ukiyoe-2-fr\/","title":{"rendered":"\u6d6e\u4e16\u7d75\u3068\u85e4\u6ca2\u3000\u6d6e\u4e16\u7d75\u306e\u4e00\u5927\u540d\u6240\u300c\u6c5f\u306e\u5cf6\u300d\u3000\u30d5\u30e9\u30f3\u30b9\u8a9e"},"content":{"rendered":"<section id=\"top\" class=\"bc-section\">\n<div class=\"container\">\n<ol class=\"breadcrumb\">\n<li><a href=\"\/f\/home-fr\">Accueil<\/a><\/li>\n<li class=\"active\">Ukiyo-e et Fujisawa<\/li>\n<\/ol>\n<\/div>\n<\/section>\n<section id=\"txt\" class=\"home-section\">\n<div class=\"container\">\n<div class=\"row\">\n<div class=\"txtArea\">\n<h3>\u201cEnoshima\u201d, l\u2019un des paysages c\u00e9l\u00e8bres des estampes ukiyo-e<\/h3>\n<div class=\"img-l\">\n<img decoding=\"async\" src=\"http:\/\/test2.airmesse-light.com\/f\/wp-content\/themes\/ukiyoe\/images\/ukiyoe1.jpg\" alt=\"ukiyoe\" class=\"img-responsive\"><\/p>\n<p class=\"u-name\">Kuboshunman sans titre (Temple Kinkizan, Enoshima)<\/p>\n<\/div>\n<div class=\"txtBox\">\n<p>A part le Mont Fuji, l\u2019\u00eele d\u2019Enoshima est certainement l\u2019un des paysages les plus repr\u00e9sent\u00e9s dans les estampes ukiyo-e. Cela montre \u00e0 quel point le p\u00e9lerinage \u00e0 Enoshima \u00e9tait populaire \u00e0 l\u2019\u00e9poque d\u2019Edo.<\/p>\n<p>Enoshima est une presqu\u2019\u00eele reli\u00e9e \u00e0 la plage de Sh\u014dnan par une bande de sable. On y trouve en particulier une grotte, appel\u00e9e \u201cIwaya\u201d, cr\u00e9\u00e9e naturellement par l\u2019\u00e9rosion des vagues. Cette grotte est devenue un site religieux de pratique asc\u00e9tique, attirant depuis les temps anciens de nombreux asc\u00e8tes notables. A l\u2019\u00e9poque de Kamakura, le moine bouddhiste Mongaku, sollicit\u00e9 par le shogun Minamoto no Yoritomo, pria pour la venue de la d\u00e9esse Benzai-ten sur l\u2019\u00eele d\u2019Enoshima. L\u2019endroit attira alors de nombreux adorateurs de cette d\u00e9esse, tandis que la beaut\u00e9 du site fit venir de nombreux touristes.<br \/>\nAu d\u00e9but, l\u2019\u00eele d\u2019Enoshima \u00e9tait repr\u00e9sent\u00e9e dans les estampes ukiyo-e avec l\u2019image du Mt H\u014drai, qui appara\u00eet dans le Tao\u00efsme chinois, associ\u00e9e \u00e0 celles du Mt Fuji et du soleil levant. Mais par la suite, les estampes repr\u00e9sentant les personnes venues \u00e0 Enoshima pour le p\u00e9lerinage furent de plus en plus nombreuses.<\/p>\n<\/div>\n<div class=\"nxtBox\">\n<p><i class=\"fa fa-arrow-circle-left\"><\/i> <a href=\"ukiyoe-1-fr\">Fujisawa illustr\u00e9e dans les ukiyo-e<\/a> | <a href=\"ukiyoe-3-fr\">La l\u00e9gende d\u2019Oguri-Hangan et de la princesse Terut\u00e9<\/a> <i class=\"fa fa-arrow-circle-right\"><\/i><\/p>\n<\/div>\n<\/div>\n<\/div>\n<\/div>\n<\/section>\n","protected":false},"excerpt":{"rendered":"<p>Accueil Ukiyo-e et Fujisawa \u201cEnoshima\u201d, l\u2019un des paysages c\u00e9l\u00e8bres des estampes ukiyo-e Kuboshunman sans titre [&hellip;]<\/p>\n","protected":false},"author":1,"featured_media":0,"parent":0,"menu_order":0,"comment_status":"closed","ping_status":"closed","template":"page-fr.php","meta":{"footnotes":""},"class_list":["post-115","page","type-page","status-publish","hentry"],"_links":{"self":[{"href":"https:\/\/fujisawa-ukiyoekan.net\/f\/wp-json\/wp\/v2\/pages\/115","targetHints":{"allow":["GET"]}}],"collection":[{"href":"https:\/\/fujisawa-ukiyoekan.net\/f\/wp-json\/wp\/v2\/pages"}],"about":[{"href":"https:\/\/fujisawa-ukiyoekan.net\/f\/wp-json\/wp\/v2\/types\/page"}],"author":[{"embeddable":true,"href":"https:\/\/fujisawa-ukiyoekan.net\/f\/wp-json\/wp\/v2\/users\/1"}],"replies":[{"embeddable":true,"href":"https:\/\/fujisawa-ukiyoekan.net\/f\/wp-json\/wp\/v2\/comments?post=115"}],"version-history":[{"count":7,"href":"https:\/\/fujisawa-ukiyoekan.net\/f\/wp-json\/wp\/v2\/pages\/115\/revisions"}],"predecessor-version":[{"id":595,"href":"https:\/\/fujisawa-ukiyoekan.net\/f\/wp-json\/wp\/v2\/pages\/115\/revisions\/595"}],"wp:attachment":[{"href":"https:\/\/fujisawa-ukiyoekan.net\/f\/wp-json\/wp\/v2\/media?parent=115"}],"curies":[{"name":"wp","href":"https:\/\/api.w.org\/{rel}","templated":true}]}}