{"id":108,"date":"2023-09-27T15:01:39","date_gmt":"2023-09-27T06:01:39","guid":{"rendered":"http:\/\/test2.airmesse-light.com\/f\/?page_id=108"},"modified":"2023-10-30T11:37:49","modified_gmt":"2023-10-30T02:37:49","slug":"ukiyoe-1-fr","status":"publish","type":"page","link":"https:\/\/fujisawa-ukiyoekan.net\/f\/ukiyoe-1-fr\/","title":{"rendered":"\u6d6e\u4e16\u7d75\u3068\u85e4\u6ca2\u3000\u6d6e\u4e16\u7d75\u306b\u63cf\u304b\u308c\u305f\u85e4\u6ca2\u3000\u30d5\u30e9\u30f3\u30b9\u8a9e"},"content":{"rendered":"\n<section id=\"top\" class=\"bc-section\">\n<div class=\"container\">\n<ol class=\"breadcrumb\">\n<li><a href=\"\/f\/home-fr\">Accueil<\/a><\/li>\n<li class=\"active\">Ukiyo-e et Fujisawa<\/li>\n<\/ol>\n<\/div>\n<\/section>\n\n\n\n<section id=\"txt\" class=\"home-section\">\n<div class=\"container\">\n<div class=\"row\">\n<div class=\"txtArea\">\n<h3>Fujisawa illustr\u00e9e dans les ukiyo-e<\/h3>\n<div class=\"img-l\">\n<img decoding=\"async\" src=\"http:\/\/test2.airmesse-light.com\/f\/wp-content\/themes\/ukiyoe\/images\/ukiyoe0.jpg\" alt=\"ukiyoe\" class=\"img-responsive\"><p><\/p>\n<p class=\"u-name\">Utagawa Kunisada (\u00e9galement connu sous le nom Utagawa Toyokuni III)<br>\nVue de Fujisawa, extrait des \u201cCinquante-trois \u00e9tapes du T\u014dkaid\u014d\u201d<\/p>\n<\/div>\n<div class=\"txtBox\">\n<p>Fujisawa a prosp\u00e9r\u00e9 \u00e0 l\u2019\u00e9poque d\u2019Edo en tant que relais sur la route du T\u014dkaid\u014d, et c\u2019est \u00e9galement l\u00e0 que se trouve le temple Sh\u014dj\u014dk\u014d-ji (ou Yugy\u014d-ji), si\u00e8ge de la religion Jish\u016b, l\u2019une des branches du bouddhisme de la Terre Pure (J\u014ddo). La ville \u00e9tait le point d\u2019entr\u00e9e vers Enoshima et le Mt \u014cyama, qui \u00e9taient \u00e0 la fois des lieux de p\u00e9lerinage et de divertissement. Vers la fin de l\u2019\u00e9poque d\u2019Edo, alors que le voyage \u00e9tait devenu une activit\u00e9 tr\u00e8s populaire, la s\u00e9rie des \u201cCinquante-trois \u00e9tapes du T\u014dkaid\u014d\u201d a \u00e9t\u00e9 publi\u00e9e, illustrant les lieux et relais c\u00e9l\u00e8bres le long de cette route, et le relais de Fujisawa a lui aussi \u00e9t\u00e9 repr\u00e9sent\u00e9 de diff\u00e9rentes mani\u00e8res.<\/p>\n<p>Parmi les lieux les plus c\u00e9l\u00e8bres de la r\u00e9gion, il y avait le temple Sh\u014dj\u014dk\u014d-ji (plus connu sous le nom de Yugy\u014d-ji), de la secte bouddhiste Jish\u016b, le Yugy\u014d-ji Bridge (anciennement appel\u00e9 Daigiri Bridge), avec \u00e0 ses c\u00f4t\u00e9s le \u201ctorii\u201d (portique sacr\u00e9) marquant l\u2019entr\u00e9e vers le sanctuaire d\u2019Enoshima, ainsi que le \u201ctateba\u201d (point de repos entre relais) de Yotsuya, situ\u00e9 au d\u00e9part de la route d\u2019\u014cyama, bifurcation vers le Mt \u014cyama depuis la route du T\u014dkaid\u014d, etc.<\/p>\n<\/div>\n<div class=\"nxtBox\">\n<p><i class=\"fa fa-arrow-circle-left\"><\/i> <a href=\"ukiyoe-0-fr\">Mot de bienvenue<\/a> | <a href=\"ukiyoe-2-fr\">\u201cEnoshima\u201d, l\u2019un des paysages c\u00e9l\u00e8bres des estampes ukiyo-e<\/a> <i class=\"fa fa-arrow-circle-right\"><\/i><\/p>\n<\/div>\n<\/div>\n<\/div>\n<\/div>\n<\/section>\n","protected":false},"excerpt":{"rendered":"<p>Accueil Ukiyo-e et Fujisawa Fujisawa illustr\u00e9e dans les ukiyo-e Utagawa Kunisada (\u00e9galement connu sous le nom  [&hellip;]<\/p>\n","protected":false},"author":1,"featured_media":0,"parent":0,"menu_order":0,"comment_status":"closed","ping_status":"closed","template":"page-fr.php","meta":{"footnotes":""},"class_list":["post-108","page","type-page","status-publish","hentry"],"_links":{"self":[{"href":"https:\/\/fujisawa-ukiyoekan.net\/f\/wp-json\/wp\/v2\/pages\/108","targetHints":{"allow":["GET"]}}],"collection":[{"href":"https:\/\/fujisawa-ukiyoekan.net\/f\/wp-json\/wp\/v2\/pages"}],"about":[{"href":"https:\/\/fujisawa-ukiyoekan.net\/f\/wp-json\/wp\/v2\/types\/page"}],"author":[{"embeddable":true,"href":"https:\/\/fujisawa-ukiyoekan.net\/f\/wp-json\/wp\/v2\/users\/1"}],"replies":[{"embeddable":true,"href":"https:\/\/fujisawa-ukiyoekan.net\/f\/wp-json\/wp\/v2\/comments?post=108"}],"version-history":[{"count":5,"href":"https:\/\/fujisawa-ukiyoekan.net\/f\/wp-json\/wp\/v2\/pages\/108\/revisions"}],"predecessor-version":[{"id":1308,"href":"https:\/\/fujisawa-ukiyoekan.net\/f\/wp-json\/wp\/v2\/pages\/108\/revisions\/1308"}],"wp:attachment":[{"href":"https:\/\/fujisawa-ukiyoekan.net\/f\/wp-json\/wp\/v2\/media?parent=108"}],"curies":[{"name":"wp","href":"https:\/\/api.w.org\/{rel}","templated":true}]}}