{"id":105,"date":"2023-09-27T15:01:32","date_gmt":"2023-09-27T06:01:32","guid":{"rendered":"http:\/\/test2.airmesse-light.com\/f\/?page_id=105"},"modified":"2023-10-30T11:37:38","modified_gmt":"2023-10-30T02:37:38","slug":"ukiyoe-1-es","status":"publish","type":"page","link":"https:\/\/fujisawa-ukiyoekan.net\/f\/ukiyoe-1-es\/","title":{"rendered":"\u6d6e\u4e16\u7d75\u3068\u85e4\u6ca2\u3000\u6d6e\u4e16\u7d75\u306b\u63cf\u304b\u308c\u305f\u85e4\u6ca2\u3000\u30b9\u30da\u30a4\u30f3\u8a9e"},"content":{"rendered":"\n<section id=\"top\" class=\"bc-section\">\n<div class=\"container\">\n<ol class=\"breadcrumb\">\n<li><a href=\"\/f\/home-es\">INICIO <\/a><\/li>\n<li class=\"active\">Ukiyo-e y Fujisawa<\/li>\n<\/ol>\n<\/div>\n<\/section>\n\n\n\n<section id=\"txt\" class=\"home-section\">\n<div class=\"container\">\n<div class=\"row\">\n<div class=\"txtArea\">\n<h3>Fujisawa representada en las estampas ukiyo-e<\/h3>\n<div class=\"img-l\">\n<img decoding=\"async\" src=\"http:\/\/test2.airmesse-light.com\/f\/wp-content\/themes\/ukiyoe\/images\/ukiyoe0.jpg\" alt=\"ukiyoe\" class=\"img-responsive\"><p><\/p>\n<p class=\"u-name\">Utagawa Kunisada (Utagawa Toyokuni III)<br>\nMapa de Fujisawa de la colecci\u00f3n Cincuenta y tres estaciones<br>\nde la ruta Tokaido con ilustraciones de mujeres<\/p>\n<\/div>\n<div class=\"txtBox\">\n<p>Fujisawa, ciudad que prosper\u00f3 como una estaci\u00f3n de la ruta Tokaido, era un atractivo lugar tur\u00edstico para las gentes que la visitaban desde Edo (actual Tokio), ya que en ella se ubica el templo Shojokoji (Yugyoji), sede central de la escuela budista Ji, as\u00ed como la ciudad funciona como punto de acceso a dos lugares de culto religioso y entretenimiento como son la isla de Enoshima y el monte Oyama. En la segunda mitad de la era Edo, a ra\u00edz del boom de viajes de la \u00e9poca, se publicaron colecciones de estampas ukiyo-e que representaban las cincuenta y tres estaciones de la ruta Tokaido con sus lugares famosos y emblemas entorno a las estaciones del trayecto de la ruta, en las que la estaci\u00f3n de Fujisawa fue ilustrada en una diversidad y variedad de formas.<\/p>\n<p>Como lugares famosos y emblemas entorno a la estaci\u00f3n de Fujisawa se destacan: el templo Shojokoji (tambi\u00e9n conocido como el templo Yugyoji), sede central de la escuela budista Ji; el puente del templo Yugyoji (antiguo puente Daigiri), el torii (puerta de entrada a un recinto sinto\u00edsta) que se alza junto a este puente, justo en el acceso a la isla de Enoshima, y el punto de descanso de Yotsuya en el acceso de la ruta de Oyama, en el trayecto hacia el monte Oyama en la ruta Tokaido.<\/p>\n<\/div>\n<div class=\"nxtBox\">\n<p><i class=\"fa fa-arrow-circle-left\"><\/i> <a href=\"ukiyoe-0-es\">Saludo<\/a> | <a href=\"ukiyoe-2-es\">La isla de Enoshima como uno de las principales temas de las estampas ukiyo-e<\/a> <i class=\"fa fa-arrow-circle-right\"><\/i><\/p>\n<\/div>\n<\/div>\n<\/div>\n<\/div>\n<\/section>\n","protected":false},"excerpt":{"rendered":"<p>INICIO Ukiyo-e y Fujisawa Fujisawa representada en las estampas ukiyo-e Utagawa Kunisada (Utagawa Toyokuni III [&hellip;]<\/p>\n","protected":false},"author":1,"featured_media":0,"parent":0,"menu_order":0,"comment_status":"closed","ping_status":"closed","template":"page-es.php","meta":{"footnotes":""},"class_list":["post-105","page","type-page","status-publish","hentry"],"_links":{"self":[{"href":"https:\/\/fujisawa-ukiyoekan.net\/f\/wp-json\/wp\/v2\/pages\/105","targetHints":{"allow":["GET"]}}],"collection":[{"href":"https:\/\/fujisawa-ukiyoekan.net\/f\/wp-json\/wp\/v2\/pages"}],"about":[{"href":"https:\/\/fujisawa-ukiyoekan.net\/f\/wp-json\/wp\/v2\/types\/page"}],"author":[{"embeddable":true,"href":"https:\/\/fujisawa-ukiyoekan.net\/f\/wp-json\/wp\/v2\/users\/1"}],"replies":[{"embeddable":true,"href":"https:\/\/fujisawa-ukiyoekan.net\/f\/wp-json\/wp\/v2\/comments?post=105"}],"version-history":[{"count":6,"href":"https:\/\/fujisawa-ukiyoekan.net\/f\/wp-json\/wp\/v2\/pages\/105\/revisions"}],"predecessor-version":[{"id":1307,"href":"https:\/\/fujisawa-ukiyoekan.net\/f\/wp-json\/wp\/v2\/pages\/105\/revisions\/1307"}],"wp:attachment":[{"href":"https:\/\/fujisawa-ukiyoekan.net\/f\/wp-json\/wp\/v2\/media?parent=105"}],"curies":[{"name":"wp","href":"https:\/\/api.w.org\/{rel}","templated":true}]}}