{"id":102,"date":"2023-09-27T15:01:48","date_gmt":"2023-09-27T06:01:48","guid":{"rendered":"http:\/\/test2.airmesse-light.com\/f\/?page_id=102"},"modified":"2023-10-30T11:37:59","modified_gmt":"2023-10-30T02:37:59","slug":"ukiyoe-1-pt","status":"publish","type":"page","link":"https:\/\/fujisawa-ukiyoekan.net\/f\/ukiyoe-1-pt\/","title":{"rendered":"\u6d6e\u4e16\u7d75\u3068\u85e4\u6ca2\u3000\u6d6e\u4e16\u7d75\u306b\u63cf\u304b\u308c\u305f\u85e4\u6ca2\u3000\u30dd\u30eb\u30c8\u30ac\u30eb\u8a9e"},"content":{"rendered":"\n<section id=\"top\" class=\"bc-section\">\n<div class=\"container\">\n<ol class=\"breadcrumb\">\n<li><a href=\"\/f\/home-pt\">IN\u00cdCIO <\/a><\/li>\n<li class=\"active\">Ukiyo-e e Fujisawa<\/li>\n<\/ol>\n<\/div>\n<\/section>\n\n\n\n<section id=\"txt\" class=\"home-section\">\n<div class=\"container\">\n<div class=\"row\">\n<div class=\"txtArea\">\n<h3>A cidade Fujisawa representada no ukiyo-e\n<\/h3>\n<div class=\"img-l\">\n<img decoding=\"async\" src=\"http:\/\/test2.airmesse-light.com\/f\/wp-content\/themes\/ukiyoe\/images\/ukiyoe0.jpg\" alt=\"ukiyoe\" class=\"img-responsive\"><p><\/p>\n<p class=\"u-name\">Utagawa Kunisada<br>Fujisawa, da s\u00e9rie \u201c53 pontos de parada da estrada de Tokaido\u201d<\/p>\n<\/div>\n<div class=\"txtBox\">\n<p>A cidade de Fujisawa, que se desenvolveu como um ponto de parada da estrada de Tokaido, atra\u00eda muitas pessoas de Edo (atual T\u00f3quio), por causa do principal templo budista da cidade, o Yugyoji, da seita Ji. Ela tamb\u00e9m atuou como a porta de entrada para destinos religiosos e de entretenimento, como a ilha de Enoshima e o Monte Oyama. No final do per\u00edodo Edo, com o boom das viagens de turismo, foi publicada a s\u00e9rie \u201c53 pontos de parada da estrada de Tokaido\u201d, que ilustrava pontos famosos e de parada ao longo da estrada. O Fujisawa-shuku tamb\u00e9m foi retratado de diferentes formas.<\/p>\n<p>Os pontos e marcos mais representativos do Fujisawa-shuku eram o principal templo da seita budista, o Shojokoji (mais conhecido como Yugyoji), a ponte Yugyoji e o primeiro Torii, que era a porta de entrada para a ilha de Enoshima (o Santu\u00e1rio Enoshima) e que ficava ao lado da ponte, al\u00e9m do ponto de parada de Yotsuya, localizado na entrada da estrada de Oyama, que seguia da estrada de Tokaido para o Monte Oyama.<\/p>\n<\/div>\n<div class=\"nxtBox\">\n<p><i class=\"fa fa-arrow-circle-left\"><\/i> <a href=\"ukiyoe-0-pt\">Sauda\u00e7\u00f5es<\/a> | <a href=\"ukiyoe-2-pt\">L A principal paisagem do ukiyo-e: a ilha de Enoshima<\/a> <i class=\"fa fa-arrow-circle-right\"><\/i><\/p>\n<\/div>\n<\/div>\n<\/div>\n<\/div>\n<\/section>\n","protected":false},"excerpt":{"rendered":"<p>IN\u00cdCIO Ukiyo-e e Fujisawa A cidade Fujisawa representada no ukiyo-e Utagawa KunisadaFujisawa, da s\u00e9rie \u201c53 pon [&hellip;]<\/p>\n","protected":false},"author":1,"featured_media":0,"parent":0,"menu_order":0,"comment_status":"closed","ping_status":"closed","template":"page-pt.php","meta":{"footnotes":""},"class_list":["post-102","page","type-page","status-publish","hentry"],"_links":{"self":[{"href":"https:\/\/fujisawa-ukiyoekan.net\/f\/wp-json\/wp\/v2\/pages\/102","targetHints":{"allow":["GET"]}}],"collection":[{"href":"https:\/\/fujisawa-ukiyoekan.net\/f\/wp-json\/wp\/v2\/pages"}],"about":[{"href":"https:\/\/fujisawa-ukiyoekan.net\/f\/wp-json\/wp\/v2\/types\/page"}],"author":[{"embeddable":true,"href":"https:\/\/fujisawa-ukiyoekan.net\/f\/wp-json\/wp\/v2\/users\/1"}],"replies":[{"embeddable":true,"href":"https:\/\/fujisawa-ukiyoekan.net\/f\/wp-json\/wp\/v2\/comments?post=102"}],"version-history":[{"count":6,"href":"https:\/\/fujisawa-ukiyoekan.net\/f\/wp-json\/wp\/v2\/pages\/102\/revisions"}],"predecessor-version":[{"id":1309,"href":"https:\/\/fujisawa-ukiyoekan.net\/f\/wp-json\/wp\/v2\/pages\/102\/revisions\/1309"}],"wp:attachment":[{"href":"https:\/\/fujisawa-ukiyoekan.net\/f\/wp-json\/wp\/v2\/media?parent=102"}],"curies":[{"name":"wp","href":"https:\/\/api.w.org\/{rel}","templated":true}]}}